{"id":5849,"date":"2021-03-30T17:28:10","date_gmt":"2021-03-30T15:28:10","guid":{"rendered":"https:\/\/exoes.com\/5-cas-clients\/"},"modified":"2024-10-27T19:30:38","modified_gmt":"2024-10-27T18:30:38","slug":"fallstudien","status":"publish","type":"page","link":"https:\/\/exoes.com\/de\/leistungen\/fallstudien\/","title":{"rendered":"Fallstudien"},"content":{"rendered":"\t\t<div data-elementor-type=\"wp-page\" data-elementor-id=\"5849\" class=\"elementor elementor-5849 elementor-53\" data-elementor-post-type=\"page\">\n\t\t\t\t\t\t<section class=\"elementor-section elementor-top-section elementor-element elementor-element-59654a44 elementor-section-height-min-height elementor-section-items-bottom page_header section elementor-section-boxed elementor-section-height-default\" data-id=\"59654a44\" data-element_type=\"section\" data-settings=\"{&quot;background_background&quot;:&quot;classic&quot;}\">\n\t\t\t\t\t\t<div class=\"elementor-container elementor-column-gap-default\">\n\t\t\t\t\t<div class=\"elementor-column elementor-col-100 elementor-top-column elementor-element elementor-element-2c8d7a17\" data-id=\"2c8d7a17\" data-element_type=\"column\">\n\t\t\t<div class=\"elementor-widget-wrap elementor-element-populated\">\n\t\t\t\t\t\t<div class=\"elementor-element elementor-element-3f4e4e1b elementor-widget elementor-widget-heading\" data-id=\"3f4e4e1b\" data-element_type=\"widget\" data-widget_type=\"heading.default\">\n\t\t\t\t<div class=\"elementor-widget-container\">\n\t\t\t\t\t<h1 class=\"elementor-heading-title elementor-size-default\">Fallstudien<\/h1>\t\t\t\t<\/div>\n\t\t\t\t<\/div>\n\t\t\t\t\t<\/div>\n\t\t<\/div>\n\t\t\t\t\t<\/div>\n\t\t<\/section>\n\t\t\t\t<section class=\"elementor-section elementor-top-section elementor-element elementor-element-6e8c79b  section elementor-section-boxed elementor-section-height-default elementor-section-height-default\" data-id=\"6e8c79b\" data-element_type=\"section\">\n\t\t\t\t\t\t<div class=\"elementor-container elementor-column-gap-default\">\n\t\t\t\t\t<div class=\"elementor-column elementor-col-100 elementor-top-column elementor-element elementor-element-8b62cc3\" data-id=\"8b62cc3\" data-element_type=\"column\">\n\t\t\t<div class=\"elementor-widget-wrap elementor-element-populated\">\n\t\t\t\t\t\t<div class=\"elementor-element elementor-element-9ae14cf elementor-widget elementor-widget-text-editor\" data-id=\"9ae14cf\" data-element_type=\"widget\" data-widget_type=\"text-editor.default\">\n\t\t\t\t<div class=\"elementor-widget-container\">\n\t\t\t\t\t\t\t\t\t<h2 style=\"text-align: center;\">Fallstudien<\/h2><p>Erfahren Sie anhand von Fallstudien mehr \u00fcber unsere Leistungen: Programme f\u00fcr immersionsgek\u00fchlte Batterien, Fahrzeugintegration, Tests von Klimatisierungssystemen.<\/p>\t\t\t\t\t\t\t\t<\/div>\n\t\t\t\t<\/div>\n\t\t\t\t\t<\/div>\n\t\t<\/div>\n\t\t\t\t\t<\/div>\n\t\t<\/section>\n\t\t\t\t<section class=\"elementor-section elementor-top-section elementor-element elementor-element-0439dba elementor-section-boxed elementor-section-height-default elementor-section-height-default\" data-id=\"0439dba\" data-element_type=\"section\">\n\t\t\t\t\t\t<div class=\"elementor-container elementor-column-gap-default\">\n\t\t\t\t\t<div class=\"elementor-column elementor-col-33 elementor-top-column elementor-element elementor-element-ac933b6\" data-id=\"ac933b6\" data-element_type=\"column\">\n\t\t\t<div class=\"elementor-widget-wrap elementor-element-populated\">\n\t\t\t\t\t\t<div class=\"elementor-element elementor-element-b65aae8 elementor-widget elementor-widget-image\" data-id=\"b65aae8\" data-element_type=\"widget\" data-widget_type=\"image.default\">\n\t\t\t\t<div class=\"elementor-widget-container\">\n\t\t\t\t\t\t\t\t\t\t\t\t\t\t\t<img fetchpriority=\"high\" decoding=\"async\" width=\"301\" height=\"301\" src=\"https:\/\/exoes.com\/wp-content\/uploads\/2021\/04\/batterie-refroidie-par-immersion-constructeur.jpg\" class=\"attachment-large size-large wp-image-5852\" alt=\"\" srcset=\"https:\/\/exoes.com\/wp-content\/uploads\/2021\/04\/batterie-refroidie-par-immersion-constructeur.jpg 301w, https:\/\/exoes.com\/wp-content\/uploads\/2021\/04\/batterie-refroidie-par-immersion-constructeur-150x150.jpg 150w\" sizes=\"(max-width: 301px) 100vw, 301px\" \/>\t\t\t\t\t\t\t\t\t\t\t\t\t\t\t<\/div>\n\t\t\t\t<\/div>\n\t\t\t\t<div class=\"elementor-element elementor-element-a41e638 elementor-widget elementor-widget-text-editor\" data-id=\"a41e638\" data-element_type=\"widget\" data-widget_type=\"text-editor.default\">\n\t\t\t\t<div class=\"elementor-widget-container\">\n\t\t\t\t\t\t\t\t\t<h4>Immersionsgek\u00fchlte Batterien f\u00fcr einen Hersteller<\/h4>\t\t\t\t\t\t\t\t<\/div>\n\t\t\t\t<\/div>\n\t\t\t\t<div class=\"elementor-element elementor-element-2ece347 elementor-align-center elementor-widget elementor-widget-button\" data-id=\"2ece347\" data-element_type=\"widget\" data-widget_type=\"button.default\">\n\t\t\t\t<div class=\"elementor-widget-container\">\n\t\t\t\t\t\t\t\t\t<div class=\"elementor-button-wrapper\">\n\t\t\t\t\t<a class=\"elementor-button elementor-button-link elementor-size-sm\" href=\"#elementor-action%3Aaction%3Dpopup%3Aopen%26settings%3DeyJpZCI6NTkyNywidG9nZ2xlIjpmYWxzZX0%3D\">\n\t\t\t\t\t\t<span class=\"elementor-button-content-wrapper\">\n\t\t\t\t\t\t\t\t\t<span class=\"elementor-button-text\">Mehr lesen<\/span>\n\t\t\t\t\t<\/span>\n\t\t\t\t\t<\/a>\n\t\t\t\t<\/div>\n\t\t\t\t\t\t\t\t<\/div>\n\t\t\t\t<\/div>\n\t\t\t\t\t<\/div>\n\t\t<\/div>\n\t\t\t\t<div class=\"elementor-column elementor-col-33 elementor-top-column elementor-element elementor-element-e349f09\" data-id=\"e349f09\" data-element_type=\"column\">\n\t\t\t<div class=\"elementor-widget-wrap elementor-element-populated\">\n\t\t\t\t\t\t<div class=\"elementor-element elementor-element-9b46266 elementor-widget elementor-widget-image\" data-id=\"9b46266\" data-element_type=\"widget\" data-widget_type=\"image.default\">\n\t\t\t\t<div class=\"elementor-widget-container\">\n\t\t\t\t\t\t\t\t\t\t\t\t\t\t\t<img decoding=\"async\" width=\"301\" height=\"301\" src=\"https:\/\/exoes.com\/wp-content\/uploads\/2021\/04\/batterie-refroidie-par-immersion-fabricant-fluide.jpg\" class=\"attachment-large size-large wp-image-5853\" alt=\"\" srcset=\"https:\/\/exoes.com\/wp-content\/uploads\/2021\/04\/batterie-refroidie-par-immersion-fabricant-fluide.jpg 301w, https:\/\/exoes.com\/wp-content\/uploads\/2021\/04\/batterie-refroidie-par-immersion-fabricant-fluide-150x150.jpg 150w\" sizes=\"(max-width: 301px) 100vw, 301px\" loading=\"lazy\" \/>\t\t\t\t\t\t\t\t\t\t\t\t\t\t\t<\/div>\n\t\t\t\t<\/div>\n\t\t\t\t<div class=\"elementor-element elementor-element-31874c0 elementor-widget elementor-widget-text-editor\" data-id=\"31874c0\" data-element_type=\"widget\" data-widget_type=\"text-editor.default\">\n\t\t\t\t<div class=\"elementor-widget-container\">\n\t\t\t\t\t\t\t\t\t<h4>Immersionsgek\u00fchlte Batterien f\u00fcr einen Fl\u00fcssigkeitshersteller<\/h4>\t\t\t\t\t\t\t\t<\/div>\n\t\t\t\t<\/div>\n\t\t\t\t<div class=\"elementor-element elementor-element-e704649 elementor-align-center elementor-widget elementor-widget-button\" data-id=\"e704649\" data-element_type=\"widget\" data-widget_type=\"button.default\">\n\t\t\t\t<div class=\"elementor-widget-container\">\n\t\t\t\t\t\t\t\t\t<div class=\"elementor-button-wrapper\">\n\t\t\t\t\t<a class=\"elementor-button elementor-button-link elementor-size-sm\" href=\"#elementor-action%3Aaction%3Dpopup%3Aopen%26settings%3DeyJpZCI6NTkwNCwidG9nZ2xlIjpmYWxzZX0%3D\">\n\t\t\t\t\t\t<span class=\"elementor-button-content-wrapper\">\n\t\t\t\t\t\t\t\t\t<span class=\"elementor-button-text\">Mehr lesen<\/span>\n\t\t\t\t\t<\/span>\n\t\t\t\t\t<\/a>\n\t\t\t\t<\/div>\n\t\t\t\t\t\t\t\t<\/div>\n\t\t\t\t<\/div>\n\t\t\t\t\t<\/div>\n\t\t<\/div>\n\t\t\t\t<div class=\"elementor-column elementor-col-33 elementor-top-column elementor-element elementor-element-8b9e0c7\" data-id=\"8b9e0c7\" data-element_type=\"column\">\n\t\t\t<div class=\"elementor-widget-wrap elementor-element-populated\">\n\t\t\t\t\t\t<div class=\"elementor-element elementor-element-f1c60d9 elementor-widget elementor-widget-image\" data-id=\"f1c60d9\" data-element_type=\"widget\" data-widget_type=\"image.default\">\n\t\t\t\t<div class=\"elementor-widget-container\">\n\t\t\t\t\t\t\t\t\t\t\t\t\t\t\t<img decoding=\"async\" width=\"302\" height=\"301\" src=\"https:\/\/exoes.com\/wp-content\/uploads\/2021\/04\/essais-pompe-chaleur-fabricant-fluide.jpg\" class=\"attachment-large size-large wp-image-5854\" alt=\"\" srcset=\"https:\/\/exoes.com\/wp-content\/uploads\/2021\/04\/essais-pompe-chaleur-fabricant-fluide.jpg 302w, https:\/\/exoes.com\/wp-content\/uploads\/2021\/04\/essais-pompe-chaleur-fabricant-fluide-300x300.jpg 300w, https:\/\/exoes.com\/wp-content\/uploads\/2021\/04\/essais-pompe-chaleur-fabricant-fluide-150x150.jpg 150w\" sizes=\"(max-width: 302px) 100vw, 302px\" loading=\"lazy\" \/>\t\t\t\t\t\t\t\t\t\t\t\t\t\t\t<\/div>\n\t\t\t\t<\/div>\n\t\t\t\t<div class=\"elementor-element elementor-element-ccd5d65 elementor-widget elementor-widget-text-editor\" data-id=\"ccd5d65\" data-element_type=\"widget\" data-widget_type=\"text-editor.default\">\n\t\t\t\t<div class=\"elementor-widget-container\">\n\t\t\t\t\t\t\t\t\t<h4>Tests einer W\u00e4rmepumpe f\u00fcr einen Fl\u00fcssigkeitshersteller<\/h4>\t\t\t\t\t\t\t\t<\/div>\n\t\t\t\t<\/div>\n\t\t\t\t<div class=\"elementor-element elementor-element-f1aa6d9 elementor-align-center elementor-widget elementor-widget-button\" data-id=\"f1aa6d9\" data-element_type=\"widget\" data-widget_type=\"button.default\">\n\t\t\t\t<div class=\"elementor-widget-container\">\n\t\t\t\t\t\t\t\t\t<div class=\"elementor-button-wrapper\">\n\t\t\t\t\t<a class=\"elementor-button elementor-button-link elementor-size-sm\" href=\"#elementor-action%3Aaction%3Dpopup%3Aopen%26settings%3DeyJpZCI6NTkxNywidG9nZ2xlIjpmYWxzZX0%3D\">\n\t\t\t\t\t\t<span class=\"elementor-button-content-wrapper\">\n\t\t\t\t\t\t\t\t\t<span class=\"elementor-button-text\">Mehr lesen<\/span>\n\t\t\t\t\t<\/span>\n\t\t\t\t\t<\/a>\n\t\t\t\t<\/div>\n\t\t\t\t\t\t\t\t<\/div>\n\t\t\t\t<\/div>\n\t\t\t\t\t<\/div>\n\t\t<\/div>\n\t\t\t\t\t<\/div>\n\t\t<\/section>\n\t\t\t\t<\/div>\n\t\t","protected":false},"excerpt":{"rendered":"<p>Fallstudien Fallstudien Erfahren Sie anhand von Fallstudien mehr \u00fcber unsere Leistungen: Programme f\u00fcr immersionsgek\u00fchlte Batterien, Fahrzeugintegration, Tests von Klimatisierungssystemen. Immersionsgek\u00fchlte Batterien f\u00fcr einen Hersteller Mehr lesen Immersionsgek\u00fchlte Batterien f\u00fcr einen Fl\u00fcssigkeitshersteller Mehr lesen Tests einer W\u00e4rmepumpe f\u00fcr einen Fl\u00fcssigkeitshersteller Mehr lesen<\/p>\n","protected":false},"author":1,"featured_media":0,"parent":6363,"menu_order":0,"comment_status":"closed","ping_status":"closed","template":"elementor_header_footer","meta":{"_acf_changed":false,"footnotes":""},"class_list":["post-5849","page","type-page","status-publish","hentry"],"acf":[],"yoast_head":"<!-- This site is optimized with the Yoast SEO plugin v26.3 - https:\/\/yoast.com\/wordpress\/plugins\/seo\/ -->\n<title>Fallstudien - Exoes - The Thermal Management Expert in Electromobility<\/title>\n<meta name=\"robots\" content=\"index, follow, max-snippet:-1, max-image-preview:large, max-video-preview:-1\" \/>\n<link rel=\"canonical\" href=\"https:\/\/exoes.com\/de\/leistungen\/fallstudien\/\" \/>\n<meta property=\"og:locale\" content=\"de_DE\" \/>\n<meta property=\"og:type\" content=\"article\" \/>\n<meta property=\"og:title\" content=\"Fallstudien - Exoes - The Thermal Management Expert in Electromobility\" \/>\n<meta property=\"og:description\" content=\"Fallstudien Fallstudien Erfahren Sie anhand von Fallstudien mehr \u00fcber unsere Leistungen: Programme f\u00fcr immersionsgek\u00fchlte Batterien, Fahrzeugintegration, Tests von Klimatisierungssystemen. Immersionsgek\u00fchlte Batterien f\u00fcr einen Hersteller Mehr lesen Immersionsgek\u00fchlte Batterien f\u00fcr einen Fl\u00fcssigkeitshersteller Mehr lesen Tests einer W\u00e4rmepumpe f\u00fcr einen Fl\u00fcssigkeitshersteller Mehr lesen\" \/>\n<meta property=\"og:url\" content=\"https:\/\/exoes.com\/de\/leistungen\/fallstudien\/\" \/>\n<meta property=\"og:site_name\" content=\"Exoes - The Thermal Management Expert in Electromobility\" \/>\n<meta property=\"article:modified_time\" content=\"2024-10-27T18:30:38+00:00\" \/>\n<meta property=\"og:image\" content=\"https:\/\/exoes.com\/wp-content\/uploads\/2021\/04\/batterie-refroidie-par-immersion-constructeur.jpg\" \/>\n<meta name=\"twitter:card\" content=\"summary_large_image\" \/>\n<meta name=\"twitter:label1\" content=\"Gesch\u00e4tzte Lesezeit\" \/>\n\t<meta name=\"twitter:data1\" content=\"1\u00a0Minute\" \/>\n<script type=\"application\/ld+json\" class=\"yoast-schema-graph\">{\"@context\":\"https:\/\/schema.org\",\"@graph\":[{\"@type\":\"WebPage\",\"@id\":\"https:\/\/exoes.com\/de\/leistungen\/fallstudien\/\",\"url\":\"https:\/\/exoes.com\/de\/leistungen\/fallstudien\/\",\"name\":\"Fallstudien - Exoes - The Thermal Management Expert in Electromobility\",\"isPartOf\":{\"@id\":\"https:\/\/exoes.com\/de\/#website\"},\"primaryImageOfPage\":{\"@id\":\"https:\/\/exoes.com\/de\/leistungen\/fallstudien\/#primaryimage\"},\"image\":{\"@id\":\"https:\/\/exoes.com\/de\/leistungen\/fallstudien\/#primaryimage\"},\"thumbnailUrl\":\"https:\/\/exoes.com\/wp-content\/uploads\/2021\/04\/batterie-refroidie-par-immersion-constructeur.jpg\",\"datePublished\":\"2021-03-30T15:28:10+00:00\",\"dateModified\":\"2024-10-27T18:30:38+00:00\",\"breadcrumb\":{\"@id\":\"https:\/\/exoes.com\/de\/leistungen\/fallstudien\/#breadcrumb\"},\"inLanguage\":\"de\",\"potentialAction\":[{\"@type\":\"ReadAction\",\"target\":[\"https:\/\/exoes.com\/de\/leistungen\/fallstudien\/\"]}]},{\"@type\":\"ImageObject\",\"inLanguage\":\"de\",\"@id\":\"https:\/\/exoes.com\/de\/leistungen\/fallstudien\/#primaryimage\",\"url\":\"https:\/\/exoes.com\/wp-content\/uploads\/2021\/04\/batterie-refroidie-par-immersion-constructeur.jpg\",\"contentUrl\":\"https:\/\/exoes.com\/wp-content\/uploads\/2021\/04\/batterie-refroidie-par-immersion-constructeur.jpg\"},{\"@type\":\"BreadcrumbList\",\"@id\":\"https:\/\/exoes.com\/de\/leistungen\/fallstudien\/#breadcrumb\",\"itemListElement\":[{\"@type\":\"ListItem\",\"position\":1,\"name\":\"Accueil\",\"item\":\"https:\/\/exoes.com\/de\/\"},{\"@type\":\"ListItem\",\"position\":2,\"name\":\"Leistungen\",\"item\":\"https:\/\/exoes.com\/de\/leistungen\/\"},{\"@type\":\"ListItem\",\"position\":3,\"name\":\"Fallstudien\"}]},{\"@type\":\"WebSite\",\"@id\":\"https:\/\/exoes.com\/de\/#website\",\"url\":\"https:\/\/exoes.com\/de\/\",\"name\":\"Exoes - The Thermal Management Expert in Electromobility\",\"description\":\"Exoes - The Thermal Management Expert in Electromobility\",\"publisher\":{\"@id\":\"https:\/\/exoes.com\/de\/#organization\"},\"potentialAction\":[{\"@type\":\"SearchAction\",\"target\":{\"@type\":\"EntryPoint\",\"urlTemplate\":\"https:\/\/exoes.com\/de\/?s={search_term_string}\"},\"query-input\":{\"@type\":\"PropertyValueSpecification\",\"valueRequired\":true,\"valueName\":\"search_term_string\"}}],\"inLanguage\":\"de\"},{\"@type\":\"Organization\",\"@id\":\"https:\/\/exoes.com\/de\/#organization\",\"name\":\"Exoes - The Thermal Management Expert in Electromobility\",\"url\":\"https:\/\/exoes.com\/de\/\",\"logo\":{\"@type\":\"ImageObject\",\"inLanguage\":\"de\",\"@id\":\"https:\/\/exoes.com\/de\/#\/schema\/logo\/image\/\",\"url\":\"https:\/\/exoes.com\/wp-content\/uploads\/2026\/01\/cropped-LOGO_EXOES_BLANC-scaled-1.png\",\"contentUrl\":\"https:\/\/exoes.com\/wp-content\/uploads\/2026\/01\/cropped-LOGO_EXOES_BLANC-scaled-1.png\",\"width\":2558,\"height\":731,\"caption\":\"Exoes - The Thermal Management Expert in Electromobility\"},\"image\":{\"@id\":\"https:\/\/exoes.com\/de\/#\/schema\/logo\/image\/\"}}]}<\/script>\n<!-- \/ Yoast SEO plugin. -->","yoast_head_json":{"title":"Fallstudien - Exoes - The Thermal Management Expert in Electromobility","robots":{"index":"index","follow":"follow","max-snippet":"max-snippet:-1","max-image-preview":"max-image-preview:large","max-video-preview":"max-video-preview:-1"},"canonical":"https:\/\/exoes.com\/de\/leistungen\/fallstudien\/","og_locale":"de_DE","og_type":"article","og_title":"Fallstudien - Exoes - The Thermal Management Expert in Electromobility","og_description":"Fallstudien Fallstudien Erfahren Sie anhand von Fallstudien mehr \u00fcber unsere Leistungen: Programme f\u00fcr immersionsgek\u00fchlte Batterien, Fahrzeugintegration, Tests von Klimatisierungssystemen. Immersionsgek\u00fchlte Batterien f\u00fcr einen Hersteller Mehr lesen Immersionsgek\u00fchlte Batterien f\u00fcr einen Fl\u00fcssigkeitshersteller Mehr lesen Tests einer W\u00e4rmepumpe f\u00fcr einen Fl\u00fcssigkeitshersteller Mehr lesen","og_url":"https:\/\/exoes.com\/de\/leistungen\/fallstudien\/","og_site_name":"Exoes - The Thermal Management Expert in Electromobility","article_modified_time":"2024-10-27T18:30:38+00:00","og_image":[{"url":"https:\/\/exoes.com\/wp-content\/uploads\/2021\/04\/batterie-refroidie-par-immersion-constructeur.jpg","type":"","width":"","height":""}],"twitter_card":"summary_large_image","twitter_misc":{"Gesch\u00e4tzte Lesezeit":"1\u00a0Minute"},"schema":{"@context":"https:\/\/schema.org","@graph":[{"@type":"WebPage","@id":"https:\/\/exoes.com\/de\/leistungen\/fallstudien\/","url":"https:\/\/exoes.com\/de\/leistungen\/fallstudien\/","name":"Fallstudien - Exoes - The Thermal Management Expert in Electromobility","isPartOf":{"@id":"https:\/\/exoes.com\/de\/#website"},"primaryImageOfPage":{"@id":"https:\/\/exoes.com\/de\/leistungen\/fallstudien\/#primaryimage"},"image":{"@id":"https:\/\/exoes.com\/de\/leistungen\/fallstudien\/#primaryimage"},"thumbnailUrl":"https:\/\/exoes.com\/wp-content\/uploads\/2021\/04\/batterie-refroidie-par-immersion-constructeur.jpg","datePublished":"2021-03-30T15:28:10+00:00","dateModified":"2024-10-27T18:30:38+00:00","breadcrumb":{"@id":"https:\/\/exoes.com\/de\/leistungen\/fallstudien\/#breadcrumb"},"inLanguage":"de","potentialAction":[{"@type":"ReadAction","target":["https:\/\/exoes.com\/de\/leistungen\/fallstudien\/"]}]},{"@type":"ImageObject","inLanguage":"de","@id":"https:\/\/exoes.com\/de\/leistungen\/fallstudien\/#primaryimage","url":"https:\/\/exoes.com\/wp-content\/uploads\/2021\/04\/batterie-refroidie-par-immersion-constructeur.jpg","contentUrl":"https:\/\/exoes.com\/wp-content\/uploads\/2021\/04\/batterie-refroidie-par-immersion-constructeur.jpg"},{"@type":"BreadcrumbList","@id":"https:\/\/exoes.com\/de\/leistungen\/fallstudien\/#breadcrumb","itemListElement":[{"@type":"ListItem","position":1,"name":"Accueil","item":"https:\/\/exoes.com\/de\/"},{"@type":"ListItem","position":2,"name":"Leistungen","item":"https:\/\/exoes.com\/de\/leistungen\/"},{"@type":"ListItem","position":3,"name":"Fallstudien"}]},{"@type":"WebSite","@id":"https:\/\/exoes.com\/de\/#website","url":"https:\/\/exoes.com\/de\/","name":"Exoes - The Thermal Management Expert in Electromobility","description":"Exoes - The Thermal Management Expert in Electromobility","publisher":{"@id":"https:\/\/exoes.com\/de\/#organization"},"potentialAction":[{"@type":"SearchAction","target":{"@type":"EntryPoint","urlTemplate":"https:\/\/exoes.com\/de\/?s={search_term_string}"},"query-input":{"@type":"PropertyValueSpecification","valueRequired":true,"valueName":"search_term_string"}}],"inLanguage":"de"},{"@type":"Organization","@id":"https:\/\/exoes.com\/de\/#organization","name":"Exoes - The Thermal Management Expert in Electromobility","url":"https:\/\/exoes.com\/de\/","logo":{"@type":"ImageObject","inLanguage":"de","@id":"https:\/\/exoes.com\/de\/#\/schema\/logo\/image\/","url":"https:\/\/exoes.com\/wp-content\/uploads\/2026\/01\/cropped-LOGO_EXOES_BLANC-scaled-1.png","contentUrl":"https:\/\/exoes.com\/wp-content\/uploads\/2026\/01\/cropped-LOGO_EXOES_BLANC-scaled-1.png","width":2558,"height":731,"caption":"Exoes - The Thermal Management Expert in Electromobility"},"image":{"@id":"https:\/\/exoes.com\/de\/#\/schema\/logo\/image\/"}}]}},"_links":{"self":[{"href":"https:\/\/exoes.com\/de\/wp-json\/wp\/v2\/pages\/5849","targetHints":{"allow":["GET"]}}],"collection":[{"href":"https:\/\/exoes.com\/de\/wp-json\/wp\/v2\/pages"}],"about":[{"href":"https:\/\/exoes.com\/de\/wp-json\/wp\/v2\/types\/page"}],"author":[{"embeddable":true,"href":"https:\/\/exoes.com\/de\/wp-json\/wp\/v2\/users\/1"}],"replies":[{"embeddable":true,"href":"https:\/\/exoes.com\/de\/wp-json\/wp\/v2\/comments?post=5849"}],"version-history":[{"count":0,"href":"https:\/\/exoes.com\/de\/wp-json\/wp\/v2\/pages\/5849\/revisions"}],"up":[{"embeddable":true,"href":"https:\/\/exoes.com\/de\/wp-json\/wp\/v2\/pages\/6363"}],"wp:attachment":[{"href":"https:\/\/exoes.com\/de\/wp-json\/wp\/v2\/media?parent=5849"}],"curies":[{"name":"wp","href":"https:\/\/api.w.org\/{rel}","templated":true}]}}