{"id":6502,"date":"2021-03-31T09:51:08","date_gmt":"2021-03-31T07:51:08","guid":{"rendered":"https:\/\/exoes.com\/mentions-legales\/"},"modified":"2022-03-04T11:36:43","modified_gmt":"2022-03-04T10:36:43","slug":"rechtliche-hinweise","status":"publish","type":"page","link":"https:\/\/exoes.com\/de\/rechtliche-hinweise\/","title":{"rendered":"Rechtliche Hinweise"},"content":{"rendered":"\t\t<div data-elementor-type=\"wp-page\" data-elementor-id=\"6502\" class=\"elementor elementor-6502 elementor-66\" data-elementor-post-type=\"page\">\n\t\t\t\t\t\t<section class=\"elementor-section elementor-top-section elementor-element elementor-element-1c00974 elementor-section-boxed elementor-section-height-default elementor-section-height-default\" data-id=\"1c00974\" data-element_type=\"section\">\n\t\t\t\t\t\t<div class=\"elementor-container elementor-column-gap-default\">\n\t\t\t\t\t<div class=\"elementor-column elementor-col-100 elementor-top-column elementor-element elementor-element-f0a13f3\" data-id=\"f0a13f3\" data-element_type=\"column\">\n\t\t\t<div class=\"elementor-widget-wrap elementor-element-populated\">\n\t\t\t\t\t\t<div class=\"elementor-element elementor-element-cb93a84 elementor-widget elementor-widget-heading\" data-id=\"cb93a84\" data-element_type=\"widget\" data-widget_type=\"heading.default\">\n\t\t\t\t<div class=\"elementor-widget-container\">\n\t\t\t\t\t<h2 class=\"elementor-heading-title elementor-size-default\">Rechtliche Hinweise<\/h2>\t\t\t\t<\/div>\n\t\t\t\t<\/div>\n\t\t\t\t<div class=\"elementor-element elementor-element-7c1bee8 elementor-widget elementor-widget-text-editor\" data-id=\"7c1bee8\" data-element_type=\"widget\" data-widget_type=\"text-editor.default\">\n\t\t\t\t<div class=\"elementor-widget-container\">\n\t\t\t\t\t\t\t\t\t<h5>G\u00fcltig ab 15.4.2021<\/h5>\t\t\t\t\t\t\t\t<\/div>\n\t\t\t\t<\/div>\n\t\t\t\t<div class=\"elementor-element elementor-element-e1b8785 elementor-widget elementor-widget-spacer\" data-id=\"e1b8785\" data-element_type=\"widget\" data-widget_type=\"spacer.default\">\n\t\t\t\t<div class=\"elementor-widget-container\">\n\t\t\t\t\t\t\t<div class=\"elementor-spacer\">\n\t\t\t<div class=\"elementor-spacer-inner\"><\/div>\n\t\t<\/div>\n\t\t\t\t\t\t<\/div>\n\t\t\t\t<\/div>\n\t\t\t\t<div class=\"elementor-element elementor-element-b53a340 elementor-widget elementor-widget-text-editor\" data-id=\"b53a340\" data-element_type=\"widget\" data-widget_type=\"text-editor.default\">\n\t\t\t\t<div class=\"elementor-widget-container\">\n\t\t\t\t\t\t\t\t\t<p>In \u00dcbereinstimmung mit den Bestimmungen der Artikel 6-III und 19 des frz. Gesetzes Nr. 2004-575 vom 21. Juni 2004 f\u00fcr das Vertrauen in die digitale Wirtschaft, bekannt als L.C.E.N., werden die Nutzer der Website exoes.com \u00fcber diese rechtlichen Hinweise informiert.<\/p><p>Die Verbindung mit und Navigation auf der Website exoes.com durch den Nutzer setzt die vollst\u00e4ndige und uneingeschr\u00e4nkte Annahme dieser rechtlichen Hinweise voraus.<\/p><p>Diese finden Sie auf der Website unter der Rubrik\u00a0 &#8222;Rechtliche Hinweise&#8220;.<\/p>\t\t\t\t\t\t\t\t<\/div>\n\t\t\t\t<\/div>\n\t\t\t\t<div class=\"elementor-element elementor-element-5f6548c elementor-widget elementor-widget-spacer\" data-id=\"5f6548c\" data-element_type=\"widget\" data-widget_type=\"spacer.default\">\n\t\t\t\t<div class=\"elementor-widget-container\">\n\t\t\t\t\t\t\t<div class=\"elementor-spacer\">\n\t\t\t<div class=\"elementor-spacer-inner\"><\/div>\n\t\t<\/div>\n\t\t\t\t\t\t<\/div>\n\t\t\t\t<\/div>\n\t\t\t\t<div class=\"elementor-element elementor-element-340429a elementor-widget elementor-widget-heading\" data-id=\"340429a\" data-element_type=\"widget\" data-widget_type=\"heading.default\">\n\t\t\t\t<div class=\"elementor-widget-container\">\n\t\t\t\t\t<h5 class=\"elementor-heading-title elementor-size-default\">ARTIKEL 1: HERAUSGEBER <\/h5>\t\t\t\t<\/div>\n\t\t\t\t<\/div>\n\t\t\t\t<div class=\"elementor-element elementor-element-d851dad elementor-widget elementor-widget-text-editor\" data-id=\"d851dad\" data-element_type=\"widget\" data-widget_type=\"text-editor.default\">\n\t\t\t\t<div class=\"elementor-widget-container\">\n\t\t\t\t\t\t\t\t\t<p>Herausgeber der Website exoes.com ist das Unternehmen SAS EXOES, ein Unternehmen mit einem Gesellschaftskapital von 234.939 Euro, das im Handels- und Gesellschaftsregister von Bordeaux unter der Nummer 512584808 eingetragen ist und<\/p><p>dessen Unternehmenssitz sich in 6 AV GRANDE LANDE in 33170 GRADIGNAN (Frankreich) befindet,<\/p><p>Telefonnummer +33 (0)972 503 086,<\/p><p>E-Mail-Adresse: contact@exoes.com<\/p><p>Innergemeinschaftliche Umsatzsteueridentifikationsnummer FR44512584808,<\/p><p>Leiter der Ver\u00f6ffentlichung ist Amaud Desrentes.<\/p>\t\t\t\t\t\t\t\t<\/div>\n\t\t\t\t<\/div>\n\t\t\t\t<div class=\"elementor-element elementor-element-d4c5187 elementor-widget elementor-widget-spacer\" data-id=\"d4c5187\" data-element_type=\"widget\" data-widget_type=\"spacer.default\">\n\t\t\t\t<div class=\"elementor-widget-container\">\n\t\t\t\t\t\t\t<div class=\"elementor-spacer\">\n\t\t\t<div class=\"elementor-spacer-inner\"><\/div>\n\t\t<\/div>\n\t\t\t\t\t\t<\/div>\n\t\t\t\t<\/div>\n\t\t\t\t<div class=\"elementor-element elementor-element-ad57b20 elementor-widget elementor-widget-heading\" data-id=\"ad57b20\" data-element_type=\"widget\" data-widget_type=\"heading.default\">\n\t\t\t\t<div class=\"elementor-widget-container\">\n\t\t\t\t\t<h5 class=\"elementor-heading-title elementor-size-default\">ARTIKEL 2: HOSTER<\/h5>\t\t\t\t<\/div>\n\t\t\t\t<\/div>\n\t\t\t\t<div class=\"elementor-element elementor-element-96c912f elementor-widget elementor-widget-text-editor\" data-id=\"96c912f\" data-element_type=\"widget\" data-widget_type=\"text-editor.default\">\n\t\t\t\t<div class=\"elementor-widget-container\">\n\t\t\t\t\t\t\t\t\t<p>Der Hoster der Website exoes.com ist das Unternehmen OVH, dessen Unternehmenssitz sich in 19 place Fran\u00e7oise Dorin, 75017 Paris (Frankreich) befindet, Telefonnummer +33 (0)9 55 00 66 33.<\/p>\t\t\t\t\t\t\t\t<\/div>\n\t\t\t\t<\/div>\n\t\t\t\t<div class=\"elementor-element elementor-element-508f808 elementor-widget elementor-widget-spacer\" data-id=\"508f808\" data-element_type=\"widget\" data-widget_type=\"spacer.default\">\n\t\t\t\t<div class=\"elementor-widget-container\">\n\t\t\t\t\t\t\t<div class=\"elementor-spacer\">\n\t\t\t<div class=\"elementor-spacer-inner\"><\/div>\n\t\t<\/div>\n\t\t\t\t\t\t<\/div>\n\t\t\t\t<\/div>\n\t\t\t\t<div class=\"elementor-element elementor-element-56c3355 elementor-widget elementor-widget-heading\" data-id=\"56c3355\" data-element_type=\"widget\" data-widget_type=\"heading.default\">\n\t\t\t\t<div class=\"elementor-widget-container\">\n\t\t\t\t\t<h5 class=\"elementor-heading-title elementor-size-default\">ARTIKEL 3: ZUGRIFF AUF DIE WEBSITE<\/h5>\t\t\t\t<\/div>\n\t\t\t\t<\/div>\n\t\t\t\t<div class=\"elementor-element elementor-element-2e00d1e elementor-widget elementor-widget-text-editor\" data-id=\"2e00d1e\" data-element_type=\"widget\" data-widget_type=\"text-editor.default\">\n\t\t\t\t<div class=\"elementor-widget-container\">\n\t\t\t\t\t\t\t\t\t<p>Die Website ist von \u00fcberall aus zug\u00e4nglich, 7 Tage die Woche, 24 Stunden am Tag, au\u00dfer in F\u00e4llen h\u00f6herer Gewalt, geplanter oder ungeplanter Unterbrechungen, die auf Wartungsarbeiten zur\u00fcckzuf\u00fchren sein k\u00f6nnen.<\/p><p>Im Falle einer \u00c4nderung, Unterbrechung oder Aussetzung der Dienste kann die Website exoes.com nicht verantwortlich gemacht werden.<\/p>\t\t\t\t\t\t\t\t<\/div>\n\t\t\t\t<\/div>\n\t\t\t\t<div class=\"elementor-element elementor-element-2caee52 elementor-widget elementor-widget-spacer\" data-id=\"2caee52\" data-element_type=\"widget\" data-widget_type=\"spacer.default\">\n\t\t\t\t<div class=\"elementor-widget-container\">\n\t\t\t\t\t\t\t<div class=\"elementor-spacer\">\n\t\t\t<div class=\"elementor-spacer-inner\"><\/div>\n\t\t<\/div>\n\t\t\t\t\t\t<\/div>\n\t\t\t\t<\/div>\n\t\t\t\t<div class=\"elementor-element elementor-element-111f39d elementor-widget elementor-widget-heading\" data-id=\"111f39d\" data-element_type=\"widget\" data-widget_type=\"heading.default\">\n\t\t\t\t<div class=\"elementor-widget-container\">\n\t\t\t\t\t<h5 class=\"elementor-heading-title elementor-size-default\">ARTIKEL 4: ERFASSUNG VON DATEN <\/h5>\t\t\t\t<\/div>\n\t\t\t\t<\/div>\n\t\t\t\t<div class=\"elementor-element elementor-element-98669ee elementor-widget elementor-widget-text-editor\" data-id=\"98669ee\" data-element_type=\"widget\" data-widget_type=\"text-editor.default\">\n\t\t\t\t<div class=\"elementor-widget-container\">\n\t\t\t\t\t\t\t\t\t<p>Die Website ist von der Erkl\u00e4rung gegen\u00fcber der franz\u00f6sischen Kommission f\u00fcr Informatik und Freiheiten (CNIL) ausgenommen, sofern keine Daten \u00fcber Benutzer erfasst werden.<\/p>\t\t\t\t\t\t\t\t<\/div>\n\t\t\t\t<\/div>\n\t\t\t\t<div class=\"elementor-element elementor-element-b29a625 elementor-widget elementor-widget-spacer\" data-id=\"b29a625\" data-element_type=\"widget\" data-widget_type=\"spacer.default\">\n\t\t\t\t<div class=\"elementor-widget-container\">\n\t\t\t\t\t\t\t<div class=\"elementor-spacer\">\n\t\t\t<div class=\"elementor-spacer-inner\"><\/div>\n\t\t<\/div>\n\t\t\t\t\t\t<\/div>\n\t\t\t\t<\/div>\n\t\t\t\t<div class=\"elementor-element elementor-element-b681df8 elementor-widget elementor-widget-heading\" data-id=\"b681df8\" data-element_type=\"widget\" data-widget_type=\"heading.default\">\n\t\t\t\t<div class=\"elementor-widget-container\">\n\t\t\t\t\t<h5 class=\"elementor-heading-title elementor-size-default\">ARTIKEL 5: COOKIES \n<\/h5>\t\t\t\t<\/div>\n\t\t\t\t<\/div>\n\t\t\t\t<div class=\"elementor-element elementor-element-3ab9b0c elementor-widget elementor-widget-text-editor\" data-id=\"3ab9b0c\" data-element_type=\"widget\" data-widget_type=\"text-editor.default\">\n\t\t\t\t<div class=\"elementor-widget-container\">\n\t\t\t\t\t\t\t\t\t<p>Der Nutzer wird dar\u00fcber informiert, dass sich bei seinem Besuch auf der Website automatisch ein Cookie in seiner Browser-Software installieren kann. Indem er die Navigation auf der Website fortsetzt, akzeptiert er dies. Ein Cookie ist ein Element, das keine Identifizierung des Nutzers zul\u00e4sst, das aber dazu dient, Informationen in Bezug auf seine Navigation auf der Website aufzuzeichnen. Der Benutzer kann dieses Cookie \u00fcber die Einstellungen in seiner Browser-Software deaktivieren.<\/p>\t\t\t\t\t\t\t\t<\/div>\n\t\t\t\t<\/div>\n\t\t\t\t<div class=\"elementor-element elementor-element-bd609c5 elementor-widget elementor-widget-spacer\" data-id=\"bd609c5\" data-element_type=\"widget\" data-widget_type=\"spacer.default\">\n\t\t\t\t<div class=\"elementor-widget-container\">\n\t\t\t\t\t\t\t<div class=\"elementor-spacer\">\n\t\t\t<div class=\"elementor-spacer-inner\"><\/div>\n\t\t<\/div>\n\t\t\t\t\t\t<\/div>\n\t\t\t\t<\/div>\n\t\t\t\t<div class=\"elementor-element elementor-element-c3636d2 elementor-widget elementor-widget-heading\" data-id=\"c3636d2\" data-element_type=\"widget\" data-widget_type=\"heading.default\">\n\t\t\t\t<div class=\"elementor-widget-container\">\n\t\t\t\t\t<h5 class=\"elementor-heading-title elementor-size-default\">ARTIKEL 6: GEISTIGES EIGENTUM <\/h5>\t\t\t\t<\/div>\n\t\t\t\t<\/div>\n\t\t\t\t<div class=\"elementor-element elementor-element-3507453 elementor-widget elementor-widget-text-editor\" data-id=\"3507453\" data-element_type=\"widget\" data-widget_type=\"text-editor.default\">\n\t\t\t\t<div class=\"elementor-widget-container\">\n\t\t\t\t\t\t\t\t\t<p>Jegliche Nutzung, Vervielf\u00e4ltigung, Verbreitung, Vermarktung, \u00c4nderung der gesamten oder eines Teils der Website exoes.com ohne Genehmigung des Herausgebers ist untersagt und kann rechtliche Schritte zur Folge haben, wie sie im Gesetzbuch f\u00fcr geistiges Eigentum und im Zivilgesetzbuch vorgesehen sind.<\/p>\t\t\t\t\t\t\t\t<\/div>\n\t\t\t\t<\/div>\n\t\t\t\t\t<\/div>\n\t\t<\/div>\n\t\t\t\t\t<\/div>\n\t\t<\/section>\n\t\t\t\t<\/div>\n\t\t","protected":false},"excerpt":{"rendered":"<p>Rechtliche Hinweise G\u00fcltig ab 15.4.2021 In \u00dcbereinstimmung mit den Bestimmungen der Artikel 6-III und 19 des frz. Gesetzes Nr. 2004-575 vom 21. Juni 2004 f\u00fcr das Vertrauen in die digitale Wirtschaft, bekannt als L.C.E.N., werden die Nutzer der Website exoes.com \u00fcber diese rechtlichen Hinweise informiert. Die Verbindung mit und Navigation auf der Website exoes.com durch [&hellip;]<\/p>\n","protected":false},"author":1,"featured_media":0,"parent":0,"menu_order":0,"comment_status":"closed","ping_status":"closed","template":"elementor_header_footer","meta":{"_acf_changed":false,"footnotes":""},"class_list":["post-6502","page","type-page","status-publish","hentry"],"acf":[],"yoast_head":"<!-- This site is optimized with the Yoast SEO plugin v26.3 - https:\/\/yoast.com\/wordpress\/plugins\/seo\/ -->\n<title>Rechtliche Hinweise - Exoes - The Thermal Management Expert in Electromobility<\/title>\n<meta name=\"robots\" content=\"index, follow, max-snippet:-1, max-image-preview:large, max-video-preview:-1\" \/>\n<link rel=\"canonical\" href=\"https:\/\/exoes.com\/de\/rechtliche-hinweise\/\" \/>\n<meta property=\"og:locale\" content=\"de_DE\" \/>\n<meta property=\"og:type\" content=\"article\" \/>\n<meta property=\"og:title\" content=\"Rechtliche Hinweise - Exoes - The Thermal Management Expert in Electromobility\" \/>\n<meta property=\"og:description\" content=\"Rechtliche Hinweise G\u00fcltig ab 15.4.2021 In \u00dcbereinstimmung mit den Bestimmungen der Artikel 6-III und 19 des frz. Gesetzes Nr. 2004-575 vom 21. Juni 2004 f\u00fcr das Vertrauen in die digitale Wirtschaft, bekannt als L.C.E.N., werden die Nutzer der Website exoes.com \u00fcber diese rechtlichen Hinweise informiert. Die Verbindung mit und Navigation auf der Website exoes.com durch [&hellip;]\" \/>\n<meta property=\"og:url\" content=\"https:\/\/exoes.com\/de\/rechtliche-hinweise\/\" \/>\n<meta property=\"og:site_name\" content=\"Exoes - The Thermal Management Expert in Electromobility\" \/>\n<meta property=\"article:modified_time\" content=\"2022-03-04T10:36:43+00:00\" \/>\n<meta name=\"twitter:card\" content=\"summary_large_image\" \/>\n<meta name=\"twitter:label1\" content=\"Gesch\u00e4tzte Lesezeit\" \/>\n\t<meta name=\"twitter:data1\" content=\"2\u00a0Minuten\" \/>\n<script type=\"application\/ld+json\" class=\"yoast-schema-graph\">{\"@context\":\"https:\/\/schema.org\",\"@graph\":[{\"@type\":\"WebPage\",\"@id\":\"https:\/\/exoes.com\/de\/rechtliche-hinweise\/\",\"url\":\"https:\/\/exoes.com\/de\/rechtliche-hinweise\/\",\"name\":\"Rechtliche Hinweise - Exoes - The Thermal Management Expert in Electromobility\",\"isPartOf\":{\"@id\":\"https:\/\/exoes.com\/de\/#website\"},\"datePublished\":\"2021-03-31T07:51:08+00:00\",\"dateModified\":\"2022-03-04T10:36:43+00:00\",\"breadcrumb\":{\"@id\":\"https:\/\/exoes.com\/de\/rechtliche-hinweise\/#breadcrumb\"},\"inLanguage\":\"de\",\"potentialAction\":[{\"@type\":\"ReadAction\",\"target\":[\"https:\/\/exoes.com\/de\/rechtliche-hinweise\/\"]}]},{\"@type\":\"BreadcrumbList\",\"@id\":\"https:\/\/exoes.com\/de\/rechtliche-hinweise\/#breadcrumb\",\"itemListElement\":[{\"@type\":\"ListItem\",\"position\":1,\"name\":\"Accueil\",\"item\":\"https:\/\/exoes.com\/de\/\"},{\"@type\":\"ListItem\",\"position\":2,\"name\":\"Rechtliche Hinweise\"}]},{\"@type\":\"WebSite\",\"@id\":\"https:\/\/exoes.com\/de\/#website\",\"url\":\"https:\/\/exoes.com\/de\/\",\"name\":\"Exoes - The Thermal Management Expert in Electromobility\",\"description\":\"Exoes - The Thermal Management Expert in Electromobility\",\"publisher\":{\"@id\":\"https:\/\/exoes.com\/de\/#organization\"},\"potentialAction\":[{\"@type\":\"SearchAction\",\"target\":{\"@type\":\"EntryPoint\",\"urlTemplate\":\"https:\/\/exoes.com\/de\/?s={search_term_string}\"},\"query-input\":{\"@type\":\"PropertyValueSpecification\",\"valueRequired\":true,\"valueName\":\"search_term_string\"}}],\"inLanguage\":\"de\"},{\"@type\":\"Organization\",\"@id\":\"https:\/\/exoes.com\/de\/#organization\",\"name\":\"Exoes - The Thermal Management Expert in Electromobility\",\"url\":\"https:\/\/exoes.com\/de\/\",\"logo\":{\"@type\":\"ImageObject\",\"inLanguage\":\"de\",\"@id\":\"https:\/\/exoes.com\/de\/#\/schema\/logo\/image\/\",\"url\":\"https:\/\/exoes.com\/wp-content\/uploads\/2026\/01\/cropped-LOGO_EXOES_BLANC-scaled-1.png\",\"contentUrl\":\"https:\/\/exoes.com\/wp-content\/uploads\/2026\/01\/cropped-LOGO_EXOES_BLANC-scaled-1.png\",\"width\":2558,\"height\":731,\"caption\":\"Exoes - The Thermal Management Expert in Electromobility\"},\"image\":{\"@id\":\"https:\/\/exoes.com\/de\/#\/schema\/logo\/image\/\"}}]}<\/script>\n<!-- \/ Yoast SEO plugin. -->","yoast_head_json":{"title":"Rechtliche Hinweise - Exoes - The Thermal Management Expert in Electromobility","robots":{"index":"index","follow":"follow","max-snippet":"max-snippet:-1","max-image-preview":"max-image-preview:large","max-video-preview":"max-video-preview:-1"},"canonical":"https:\/\/exoes.com\/de\/rechtliche-hinweise\/","og_locale":"de_DE","og_type":"article","og_title":"Rechtliche Hinweise - Exoes - The Thermal Management Expert in Electromobility","og_description":"Rechtliche Hinweise G\u00fcltig ab 15.4.2021 In \u00dcbereinstimmung mit den Bestimmungen der Artikel 6-III und 19 des frz. Gesetzes Nr. 2004-575 vom 21. Juni 2004 f\u00fcr das Vertrauen in die digitale Wirtschaft, bekannt als L.C.E.N., werden die Nutzer der Website exoes.com \u00fcber diese rechtlichen Hinweise informiert. Die Verbindung mit und Navigation auf der Website exoes.com durch [&hellip;]","og_url":"https:\/\/exoes.com\/de\/rechtliche-hinweise\/","og_site_name":"Exoes - The Thermal Management Expert in Electromobility","article_modified_time":"2022-03-04T10:36:43+00:00","twitter_card":"summary_large_image","twitter_misc":{"Gesch\u00e4tzte Lesezeit":"2\u00a0Minuten"},"schema":{"@context":"https:\/\/schema.org","@graph":[{"@type":"WebPage","@id":"https:\/\/exoes.com\/de\/rechtliche-hinweise\/","url":"https:\/\/exoes.com\/de\/rechtliche-hinweise\/","name":"Rechtliche Hinweise - Exoes - The Thermal Management Expert in Electromobility","isPartOf":{"@id":"https:\/\/exoes.com\/de\/#website"},"datePublished":"2021-03-31T07:51:08+00:00","dateModified":"2022-03-04T10:36:43+00:00","breadcrumb":{"@id":"https:\/\/exoes.com\/de\/rechtliche-hinweise\/#breadcrumb"},"inLanguage":"de","potentialAction":[{"@type":"ReadAction","target":["https:\/\/exoes.com\/de\/rechtliche-hinweise\/"]}]},{"@type":"BreadcrumbList","@id":"https:\/\/exoes.com\/de\/rechtliche-hinweise\/#breadcrumb","itemListElement":[{"@type":"ListItem","position":1,"name":"Accueil","item":"https:\/\/exoes.com\/de\/"},{"@type":"ListItem","position":2,"name":"Rechtliche Hinweise"}]},{"@type":"WebSite","@id":"https:\/\/exoes.com\/de\/#website","url":"https:\/\/exoes.com\/de\/","name":"Exoes - The Thermal Management Expert in Electromobility","description":"Exoes - The Thermal Management Expert in Electromobility","publisher":{"@id":"https:\/\/exoes.com\/de\/#organization"},"potentialAction":[{"@type":"SearchAction","target":{"@type":"EntryPoint","urlTemplate":"https:\/\/exoes.com\/de\/?s={search_term_string}"},"query-input":{"@type":"PropertyValueSpecification","valueRequired":true,"valueName":"search_term_string"}}],"inLanguage":"de"},{"@type":"Organization","@id":"https:\/\/exoes.com\/de\/#organization","name":"Exoes - The Thermal Management Expert in Electromobility","url":"https:\/\/exoes.com\/de\/","logo":{"@type":"ImageObject","inLanguage":"de","@id":"https:\/\/exoes.com\/de\/#\/schema\/logo\/image\/","url":"https:\/\/exoes.com\/wp-content\/uploads\/2026\/01\/cropped-LOGO_EXOES_BLANC-scaled-1.png","contentUrl":"https:\/\/exoes.com\/wp-content\/uploads\/2026\/01\/cropped-LOGO_EXOES_BLANC-scaled-1.png","width":2558,"height":731,"caption":"Exoes - The Thermal Management Expert in Electromobility"},"image":{"@id":"https:\/\/exoes.com\/de\/#\/schema\/logo\/image\/"}}]}},"_links":{"self":[{"href":"https:\/\/exoes.com\/de\/wp-json\/wp\/v2\/pages\/6502","targetHints":{"allow":["GET"]}}],"collection":[{"href":"https:\/\/exoes.com\/de\/wp-json\/wp\/v2\/pages"}],"about":[{"href":"https:\/\/exoes.com\/de\/wp-json\/wp\/v2\/types\/page"}],"author":[{"embeddable":true,"href":"https:\/\/exoes.com\/de\/wp-json\/wp\/v2\/users\/1"}],"replies":[{"embeddable":true,"href":"https:\/\/exoes.com\/de\/wp-json\/wp\/v2\/comments?post=6502"}],"version-history":[{"count":0,"href":"https:\/\/exoes.com\/de\/wp-json\/wp\/v2\/pages\/6502\/revisions"}],"wp:attachment":[{"href":"https:\/\/exoes.com\/de\/wp-json\/wp\/v2\/media?parent=6502"}],"curies":[{"name":"wp","href":"https:\/\/api.w.org\/{rel}","templated":true}]}}