{"id":6878,"date":"2021-03-31T09:51:20","date_gmt":"2021-03-31T07:51:20","guid":{"rendered":"https:\/\/exoes.com\/actualite-exoes\/"},"modified":"2024-12-09T10:39:03","modified_gmt":"2024-12-09T09:39:03","slug":"news-exoes","status":"publish","type":"page","link":"https:\/\/exoes.com\/de\/news-exoes\/","title":{"rendered":"News exoes"},"content":{"rendered":"\t\t<div data-elementor-type=\"wp-page\" data-elementor-id=\"6878\" class=\"elementor elementor-6878\" data-elementor-post-type=\"page\">\n\t\t\t\t\t\t<section class=\"elementor-section elementor-top-section elementor-element elementor-element-48fc8415 elementor-section-height-min-height elementor-section-items-bottom page_header section elementor-section-boxed elementor-section-height-default\" data-id=\"48fc8415\" data-element_type=\"section\" data-settings=\"{&quot;background_background&quot;:&quot;classic&quot;}\">\n\t\t\t\t\t\t<div class=\"elementor-container elementor-column-gap-default\">\n\t\t\t\t\t<div class=\"elementor-column elementor-col-100 elementor-top-column elementor-element elementor-element-7c88444\" data-id=\"7c88444\" data-element_type=\"column\">\n\t\t\t<div class=\"elementor-widget-wrap elementor-element-populated\">\n\t\t\t\t\t\t<div class=\"elementor-element elementor-element-158aca20 elementor-widget elementor-widget-heading\" data-id=\"158aca20\" data-element_type=\"widget\" data-widget_type=\"heading.default\">\n\t\t\t\t<div class=\"elementor-widget-container\">\n\t\t\t\t\t<h1 class=\"elementor-heading-title elementor-size-default\">Neuigkeiten und thermische Fortschritte aus der Welt der Elektrifizierung<\/h1>\t\t\t\t<\/div>\n\t\t\t\t<\/div>\n\t\t\t\t\t<\/div>\n\t\t<\/div>\n\t\t\t\t\t<\/div>\n\t\t<\/section>\n\t\t\t\t<section class=\"elementor-section elementor-top-section elementor-element elementor-element-7afe897  section elementor-section-boxed elementor-section-height-default elementor-section-height-default\" data-id=\"7afe897\" data-element_type=\"section\">\n\t\t\t\t\t\t<div class=\"elementor-container elementor-column-gap-default\">\n\t\t\t\t\t<div class=\"elementor-column elementor-col-100 elementor-top-column elementor-element elementor-element-25f04f5\" data-id=\"25f04f5\" data-element_type=\"column\">\n\t\t\t<div class=\"elementor-widget-wrap elementor-element-populated\">\n\t\t\t\t\t\t<div class=\"elementor-element elementor-element-4ad7b42 articles_wrapper elementor-grid-3 elementor-grid-tablet-2 elementor-grid-mobile-1 elementor-posts--thumbnail-top elementor-widget elementor-widget-posts\" data-id=\"4ad7b42\" data-element_type=\"widget\" data-settings=\"{&quot;pagination_type&quot;:&quot;numbers&quot;,&quot;classic_columns&quot;:&quot;3&quot;,&quot;classic_columns_tablet&quot;:&quot;2&quot;,&quot;classic_columns_mobile&quot;:&quot;1&quot;,&quot;classic_row_gap&quot;:{&quot;unit&quot;:&quot;px&quot;,&quot;size&quot;:35,&quot;sizes&quot;:[]},&quot;classic_row_gap_tablet&quot;:{&quot;unit&quot;:&quot;px&quot;,&quot;size&quot;:&quot;&quot;,&quot;sizes&quot;:[]},&quot;classic_row_gap_mobile&quot;:{&quot;unit&quot;:&quot;px&quot;,&quot;size&quot;:&quot;&quot;,&quot;sizes&quot;:[]}}\" data-widget_type=\"posts.classic\">\n\t\t\t\t<div class=\"elementor-widget-container\">\n\t\t\t\t\t\t\t<div class=\"elementor-posts-container elementor-posts elementor-posts--skin-classic elementor-grid\">\n\t\t\t\t<article class=\"elementor-post elementor-grid-item post-11274 post type-post status-publish format-standard has-post-thumbnail hentry category-unkategorisiert\">\n\t\t\t\t<a class=\"elementor-post__thumbnail__link\" href=\"https:\/\/exoes.com\/de\/zero-emission-aviation-der-weg-zu-einem-saubereren-himmel\/\" tabindex=\"-1\" >\n\t\t\t<div class=\"elementor-post__thumbnail\"><img fetchpriority=\"high\" decoding=\"async\" width=\"1080\" height=\"1080\" src=\"https:\/\/exoes.com\/wp-content\/uploads\/2024\/11\/Exoes-immersion-cooling-aviation.jpg\" class=\"attachment-full size-full wp-image-11246\" alt=\"Exoes immersion cooling aviation\" srcset=\"https:\/\/exoes.com\/wp-content\/uploads\/2024\/11\/Exoes-immersion-cooling-aviation.jpg 1080w, https:\/\/exoes.com\/wp-content\/uploads\/2024\/11\/Exoes-immersion-cooling-aviation-300x300.jpg 300w, https:\/\/exoes.com\/wp-content\/uploads\/2024\/11\/Exoes-immersion-cooling-aviation-1024x1024.jpg 1024w, https:\/\/exoes.com\/wp-content\/uploads\/2024\/11\/Exoes-immersion-cooling-aviation-150x150.jpg 150w, https:\/\/exoes.com\/wp-content\/uploads\/2024\/11\/Exoes-immersion-cooling-aviation-768x768.jpg 768w\" sizes=\"(max-width: 1080px) 100vw, 1080px\" \/><\/div>\n\t\t<\/a>\n\t\t\t\t<div class=\"elementor-post__text\">\n\t\t\t\t<h3 class=\"elementor-post__title\">\n\t\t\t<a href=\"https:\/\/exoes.com\/de\/zero-emission-aviation-der-weg-zu-einem-saubereren-himmel\/\" >\n\t\t\t\tZero-Emission Aviation: Der Weg zu einem saubereren Himmel\t\t\t<\/a>\n\t\t<\/h3>\n\t\t\n\t\t<a class=\"elementor-post__read-more\" href=\"https:\/\/exoes.com\/de\/zero-emission-aviation-der-weg-zu-einem-saubereren-himmel\/\" aria-label=\"Read more about Zero-Emission Aviation: Der Weg zu einem saubereren Himmel\" tabindex=\"-1\" >\n\t\t\tErfahren Sie mehr\t\t<\/a>\n\n\t\t\t\t<\/div>\n\t\t\t\t<\/article>\n\t\t\t\t<article class=\"elementor-post elementor-grid-item post-10769 post type-post status-publish format-standard has-post-thumbnail hentry category-unkategorisiert\">\n\t\t\t\t<a class=\"elementor-post__thumbnail__link\" href=\"https:\/\/exoes.com\/de\/exoes-unterzeichnet-einen-20-jaehrigen-vertrag-mit-flying-whales-fuer-die-herstellung-der-batterie-des-lca60t-des-weltweit-leistungsstaerksten-luftgestuetzten-elektrischen-systems\/\" tabindex=\"-1\" >\n\t\t\t<div class=\"elementor-post__thumbnail\"><img decoding=\"async\" width=\"537\" height=\"363\" src=\"https:\/\/exoes.com\/wp-content\/uploads\/2024\/09\/Exoes-Flying-Whales-LCA60T.jpg\" class=\"attachment-full size-full wp-image-10777\" alt=\"Exoes-Flying-Whales-LCA60T\" srcset=\"https:\/\/exoes.com\/wp-content\/uploads\/2024\/09\/Exoes-Flying-Whales-LCA60T.jpg 537w, https:\/\/exoes.com\/wp-content\/uploads\/2024\/09\/Exoes-Flying-Whales-LCA60T-300x203.jpg 300w\" sizes=\"(max-width: 537px) 100vw, 537px\" loading=\"lazy\" \/><\/div>\n\t\t<\/a>\n\t\t\t\t<div class=\"elementor-post__text\">\n\t\t\t\t<h3 class=\"elementor-post__title\">\n\t\t\t<a href=\"https:\/\/exoes.com\/de\/exoes-unterzeichnet-einen-20-jaehrigen-vertrag-mit-flying-whales-fuer-die-herstellung-der-batterie-des-lca60t-des-weltweit-leistungsstaerksten-luftgestuetzten-elektrischen-systems\/\" >\n\t\t\t\tEXOES unterzeichnet einen 20-j\u00e4hrigen Vertrag mit FLYING WHALES f\u00fcr die Herstellung der Batterie des LCA60T, des weltweit leistungsst\u00e4rksten luftgest\u00fctzten elektrischen Systems.\t\t\t<\/a>\n\t\t<\/h3>\n\t\t\n\t\t<a class=\"elementor-post__read-more\" href=\"https:\/\/exoes.com\/de\/exoes-unterzeichnet-einen-20-jaehrigen-vertrag-mit-flying-whales-fuer-die-herstellung-der-batterie-des-lca60t-des-weltweit-leistungsstaerksten-luftgestuetzten-elektrischen-systems\/\" aria-label=\"Read more about EXOES unterzeichnet einen 20-j\u00e4hrigen Vertrag mit FLYING WHALES f\u00fcr die Herstellung der Batterie des LCA60T, des weltweit leistungsst\u00e4rksten luftgest\u00fctzten elektrischen Systems.\" tabindex=\"-1\" >\n\t\t\tErfahren Sie mehr\t\t<\/a>\n\n\t\t\t\t<\/div>\n\t\t\t\t<\/article>\n\t\t\t\t<article class=\"elementor-post elementor-grid-item post-9564 post type-post status-publish format-standard has-post-thumbnail hentry category-unkategorisiert\">\n\t\t\t\t<a class=\"elementor-post__thumbnail__link\" href=\"https:\/\/exoes.com\/de\/exoes-schliesst-partnerschaft-mit-bpifrance-und-meridiam-in-einem-e35m-deal-zur-gestaltung-der-zukunft-der-elektromobilitaet\/\" tabindex=\"-1\" >\n\t\t\t<div class=\"elementor-post__thumbnail\"><img decoding=\"async\" width=\"537\" height=\"363\" src=\"https:\/\/exoes.com\/wp-content\/uploads\/2024\/03\/Exoes-avenir-mobilite-electrique.png\" class=\"attachment-full size-full wp-image-9576\" alt=\"Exoes-avenir-mobilit\u00e9-\u00e9lectrique\" srcset=\"https:\/\/exoes.com\/wp-content\/uploads\/2024\/03\/Exoes-avenir-mobilite-electrique.png 537w, https:\/\/exoes.com\/wp-content\/uploads\/2024\/03\/Exoes-avenir-mobilite-electrique-300x203.png 300w\" sizes=\"(max-width: 537px) 100vw, 537px\" loading=\"lazy\" \/><\/div>\n\t\t<\/a>\n\t\t\t\t<div class=\"elementor-post__text\">\n\t\t\t\t<h3 class=\"elementor-post__title\">\n\t\t\t<a href=\"https:\/\/exoes.com\/de\/exoes-schliesst-partnerschaft-mit-bpifrance-und-meridiam-in-einem-e35m-deal-zur-gestaltung-der-zukunft-der-elektromobilitaet\/\" >\n\t\t\t\tEXOES schlie\u00dft Partnerschaft mit Bpifrance und Meridiam in einem \u20ac35m-Deal zur Gestaltung der Zukunft der Elektromobilit\u00e4t\t\t\t<\/a>\n\t\t<\/h3>\n\t\t\n\t\t<a class=\"elementor-post__read-more\" href=\"https:\/\/exoes.com\/de\/exoes-schliesst-partnerschaft-mit-bpifrance-und-meridiam-in-einem-e35m-deal-zur-gestaltung-der-zukunft-der-elektromobilitaet\/\" aria-label=\"Read more about EXOES schlie\u00dft Partnerschaft mit Bpifrance und Meridiam in einem \u20ac35m-Deal zur Gestaltung der Zukunft der Elektromobilit\u00e4t\" tabindex=\"-1\" >\n\t\t\tErfahren Sie mehr\t\t<\/a>\n\n\t\t\t\t<\/div>\n\t\t\t\t<\/article>\n\t\t\t\t<\/div>\n\t\t\n\t\t\t\t\t\t<\/div>\n\t\t\t\t<\/div>\n\t\t\t\t\t<\/div>\n\t\t<\/div>\n\t\t\t\t\t<\/div>\n\t\t<\/section>\n\t\t\t\t<\/div>\n\t\t","protected":false},"excerpt":{"rendered":"<p>Neuigkeiten und thermische Fortschritte aus der Welt der Elektrifizierung<\/p>\n","protected":false},"author":1,"featured_media":0,"parent":0,"menu_order":0,"comment_status":"closed","ping_status":"closed","template":"","meta":{"_acf_changed":false,"footnotes":""},"class_list":["post-6878","page","type-page","status-publish","hentry"],"acf":[],"yoast_head":"<!-- This site is optimized with the Yoast SEO plugin v26.3 - https:\/\/yoast.com\/wordpress\/plugins\/seo\/ -->\n<title>News exoes - Exoes - The Thermal Management Expert in Electromobility<\/title>\n<meta name=\"robots\" content=\"index, follow, max-snippet:-1, max-image-preview:large, max-video-preview:-1\" \/>\n<link rel=\"canonical\" href=\"https:\/\/exoes.com\/de\/news-exoes\/\" \/>\n<meta property=\"og:locale\" content=\"de_DE\" \/>\n<meta property=\"og:type\" content=\"article\" \/>\n<meta property=\"og:title\" content=\"News exoes - Exoes - The Thermal Management Expert in Electromobility\" \/>\n<meta property=\"og:description\" content=\"Neuigkeiten und thermische Fortschritte aus der Welt der Elektrifizierung\" \/>\n<meta property=\"og:url\" content=\"https:\/\/exoes.com\/de\/news-exoes\/\" \/>\n<meta property=\"og:site_name\" content=\"Exoes - The Thermal Management Expert in Electromobility\" \/>\n<meta property=\"article:modified_time\" content=\"2024-12-09T09:39:03+00:00\" \/>\n<meta name=\"twitter:card\" content=\"summary_large_image\" \/>\n<meta name=\"twitter:label1\" content=\"Gesch\u00e4tzte Lesezeit\" \/>\n\t<meta name=\"twitter:data1\" content=\"1\u00a0Minute\" \/>\n<script type=\"application\/ld+json\" class=\"yoast-schema-graph\">{\"@context\":\"https:\/\/schema.org\",\"@graph\":[{\"@type\":\"WebPage\",\"@id\":\"https:\/\/exoes.com\/de\/news-exoes\/\",\"url\":\"https:\/\/exoes.com\/de\/news-exoes\/\",\"name\":\"News exoes - Exoes - The Thermal Management Expert in Electromobility\",\"isPartOf\":{\"@id\":\"https:\/\/exoes.com\/de\/#website\"},\"datePublished\":\"2021-03-31T07:51:20+00:00\",\"dateModified\":\"2024-12-09T09:39:03+00:00\",\"breadcrumb\":{\"@id\":\"https:\/\/exoes.com\/de\/news-exoes\/#breadcrumb\"},\"inLanguage\":\"de\",\"potentialAction\":[{\"@type\":\"ReadAction\",\"target\":[\"https:\/\/exoes.com\/de\/news-exoes\/\"]}]},{\"@type\":\"BreadcrumbList\",\"@id\":\"https:\/\/exoes.com\/de\/news-exoes\/#breadcrumb\",\"itemListElement\":[{\"@type\":\"ListItem\",\"position\":1,\"name\":\"Accueil\",\"item\":\"https:\/\/exoes.com\/de\/\"},{\"@type\":\"ListItem\",\"position\":2,\"name\":\"News exoes\"}]},{\"@type\":\"WebSite\",\"@id\":\"https:\/\/exoes.com\/de\/#website\",\"url\":\"https:\/\/exoes.com\/de\/\",\"name\":\"Exoes - The Thermal Management Expert in Electromobility\",\"description\":\"Exoes - The Thermal Management Expert in Electromobility\",\"publisher\":{\"@id\":\"https:\/\/exoes.com\/de\/#organization\"},\"potentialAction\":[{\"@type\":\"SearchAction\",\"target\":{\"@type\":\"EntryPoint\",\"urlTemplate\":\"https:\/\/exoes.com\/de\/?s={search_term_string}\"},\"query-input\":{\"@type\":\"PropertyValueSpecification\",\"valueRequired\":true,\"valueName\":\"search_term_string\"}}],\"inLanguage\":\"de\"},{\"@type\":\"Organization\",\"@id\":\"https:\/\/exoes.com\/de\/#organization\",\"name\":\"Exoes - The Thermal Management Expert in Electromobility\",\"url\":\"https:\/\/exoes.com\/de\/\",\"logo\":{\"@type\":\"ImageObject\",\"inLanguage\":\"de\",\"@id\":\"https:\/\/exoes.com\/de\/#\/schema\/logo\/image\/\",\"url\":\"https:\/\/exoes.com\/wp-content\/uploads\/2026\/01\/cropped-LOGO_EXOES_BLANC-scaled-1.png\",\"contentUrl\":\"https:\/\/exoes.com\/wp-content\/uploads\/2026\/01\/cropped-LOGO_EXOES_BLANC-scaled-1.png\",\"width\":2558,\"height\":731,\"caption\":\"Exoes - The Thermal Management Expert in Electromobility\"},\"image\":{\"@id\":\"https:\/\/exoes.com\/de\/#\/schema\/logo\/image\/\"}}]}<\/script>\n<!-- \/ Yoast SEO plugin. -->","yoast_head_json":{"title":"News exoes - Exoes - The Thermal Management Expert in Electromobility","robots":{"index":"index","follow":"follow","max-snippet":"max-snippet:-1","max-image-preview":"max-image-preview:large","max-video-preview":"max-video-preview:-1"},"canonical":"https:\/\/exoes.com\/de\/news-exoes\/","og_locale":"de_DE","og_type":"article","og_title":"News exoes - Exoes - The Thermal Management Expert in Electromobility","og_description":"Neuigkeiten und thermische Fortschritte aus der Welt der Elektrifizierung","og_url":"https:\/\/exoes.com\/de\/news-exoes\/","og_site_name":"Exoes - The Thermal Management Expert in Electromobility","article_modified_time":"2024-12-09T09:39:03+00:00","twitter_card":"summary_large_image","twitter_misc":{"Gesch\u00e4tzte Lesezeit":"1\u00a0Minute"},"schema":{"@context":"https:\/\/schema.org","@graph":[{"@type":"WebPage","@id":"https:\/\/exoes.com\/de\/news-exoes\/","url":"https:\/\/exoes.com\/de\/news-exoes\/","name":"News exoes - Exoes - The Thermal Management Expert in Electromobility","isPartOf":{"@id":"https:\/\/exoes.com\/de\/#website"},"datePublished":"2021-03-31T07:51:20+00:00","dateModified":"2024-12-09T09:39:03+00:00","breadcrumb":{"@id":"https:\/\/exoes.com\/de\/news-exoes\/#breadcrumb"},"inLanguage":"de","potentialAction":[{"@type":"ReadAction","target":["https:\/\/exoes.com\/de\/news-exoes\/"]}]},{"@type":"BreadcrumbList","@id":"https:\/\/exoes.com\/de\/news-exoes\/#breadcrumb","itemListElement":[{"@type":"ListItem","position":1,"name":"Accueil","item":"https:\/\/exoes.com\/de\/"},{"@type":"ListItem","position":2,"name":"News exoes"}]},{"@type":"WebSite","@id":"https:\/\/exoes.com\/de\/#website","url":"https:\/\/exoes.com\/de\/","name":"Exoes - The Thermal Management Expert in Electromobility","description":"Exoes - The Thermal Management Expert in Electromobility","publisher":{"@id":"https:\/\/exoes.com\/de\/#organization"},"potentialAction":[{"@type":"SearchAction","target":{"@type":"EntryPoint","urlTemplate":"https:\/\/exoes.com\/de\/?s={search_term_string}"},"query-input":{"@type":"PropertyValueSpecification","valueRequired":true,"valueName":"search_term_string"}}],"inLanguage":"de"},{"@type":"Organization","@id":"https:\/\/exoes.com\/de\/#organization","name":"Exoes - The Thermal Management Expert in Electromobility","url":"https:\/\/exoes.com\/de\/","logo":{"@type":"ImageObject","inLanguage":"de","@id":"https:\/\/exoes.com\/de\/#\/schema\/logo\/image\/","url":"https:\/\/exoes.com\/wp-content\/uploads\/2026\/01\/cropped-LOGO_EXOES_BLANC-scaled-1.png","contentUrl":"https:\/\/exoes.com\/wp-content\/uploads\/2026\/01\/cropped-LOGO_EXOES_BLANC-scaled-1.png","width":2558,"height":731,"caption":"Exoes - The Thermal Management Expert in Electromobility"},"image":{"@id":"https:\/\/exoes.com\/de\/#\/schema\/logo\/image\/"}}]}},"_links":{"self":[{"href":"https:\/\/exoes.com\/de\/wp-json\/wp\/v2\/pages\/6878","targetHints":{"allow":["GET"]}}],"collection":[{"href":"https:\/\/exoes.com\/de\/wp-json\/wp\/v2\/pages"}],"about":[{"href":"https:\/\/exoes.com\/de\/wp-json\/wp\/v2\/types\/page"}],"author":[{"embeddable":true,"href":"https:\/\/exoes.com\/de\/wp-json\/wp\/v2\/users\/1"}],"replies":[{"embeddable":true,"href":"https:\/\/exoes.com\/de\/wp-json\/wp\/v2\/comments?post=6878"}],"version-history":[{"count":0,"href":"https:\/\/exoes.com\/de\/wp-json\/wp\/v2\/pages\/6878\/revisions"}],"wp:attachment":[{"href":"https:\/\/exoes.com\/de\/wp-json\/wp\/v2\/media?parent=6878"}],"curies":[{"name":"wp","href":"https:\/\/api.w.org\/{rel}","templated":true}]}}