{"id":8068,"date":"2022-03-04T14:10:21","date_gmt":"2022-03-04T13:10:21","guid":{"rendered":"https:\/\/exoes.com\/?page_id=8068"},"modified":"2022-03-04T14:31:40","modified_gmt":"2022-03-04T13:31:40","slug":"datenschutzrichtlinie","status":"publish","type":"page","link":"https:\/\/exoes.com\/de\/datenschutzrichtlinie\/","title":{"rendered":"Datenschutzrichtlinie"},"content":{"rendered":"\t\t<div data-elementor-type=\"wp-page\" data-elementor-id=\"8068\" class=\"elementor elementor-8068 elementor-8067\" data-elementor-post-type=\"page\">\n\t\t\t\t\t\t<section class=\"elementor-section elementor-top-section elementor-element elementor-element-1c00974 elementor-section-boxed elementor-section-height-default elementor-section-height-default\" data-id=\"1c00974\" data-element_type=\"section\">\n\t\t\t\t\t\t<div class=\"elementor-container elementor-column-gap-default\">\n\t\t\t\t\t<div class=\"elementor-column elementor-col-100 elementor-top-column elementor-element elementor-element-f0a13f3\" data-id=\"f0a13f3\" data-element_type=\"column\">\n\t\t\t<div class=\"elementor-widget-wrap elementor-element-populated\">\n\t\t\t\t\t\t<div class=\"elementor-element elementor-element-cb93a84 elementor-widget elementor-widget-heading\" data-id=\"cb93a84\" data-element_type=\"widget\" data-widget_type=\"heading.default\">\n\t\t\t\t<div class=\"elementor-widget-container\">\n\t\t\t\t\t<h2 class=\"elementor-heading-title elementor-size-default\">Datenschutzrichtlinie<\/h2>\t\t\t\t<\/div>\n\t\t\t\t<\/div>\n\t\t\t\t<div class=\"elementor-element elementor-element-7c1bee8 elementor-widget elementor-widget-text-editor\" data-id=\"7c1bee8\" data-element_type=\"widget\" data-widget_type=\"text-editor.default\">\n\t\t\t\t<div class=\"elementor-widget-container\">\n\t\t\t\t\t\t\t\t\t<h5>Effective 15\/04\/2021<\/h5>\n\t\t\t\t\t\t\t\t<\/div>\n\t\t\t\t<\/div>\n\t\t\t\t<div class=\"elementor-element elementor-element-e1b8785 elementor-widget elementor-widget-spacer\" data-id=\"e1b8785\" data-element_type=\"widget\" data-widget_type=\"spacer.default\">\n\t\t\t\t<div class=\"elementor-widget-container\">\n\t\t\t\t\t\t\t<div class=\"elementor-spacer\">\n\t\t\t<div class=\"elementor-spacer-inner\"><\/div>\n\t\t<\/div>\n\t\t\t\t\t\t<\/div>\n\t\t\t\t<\/div>\n\t\t\t\t<div class=\"elementor-element elementor-element-b53a340 elementor-widget elementor-widget-text-editor\" data-id=\"b53a340\" data-element_type=\"widget\" data-widget_type=\"text-editor.default\">\n\t\t\t\t<div class=\"elementor-widget-container\">\n\t\t\t\t\t\t\t\t\t<p>Die Website https:\/\/exoes.com\/ ist Eigentum der Firma Exo\u00e8s, die f\u00fcr die Verarbeitung Ihrer personenbezogenen Daten verantwortlich ist.<\/p>\n<p>Wir haben diese Datenschutzrichtlinie angenommen, die festlegt, wie wir die von https:\/\/exoes.com\/ gesammelten Informationen verarbeiten, und die auch die Gr\u00fcnde angibt, warum wir bestimmte pers\u00f6nliche Daten \u00fcber Sie sammeln m\u00fcssen. Daher m\u00fcssen Sie diese Datenschutzrichtlinie lesen, bevor Sie die Website https:\/\/exoes.com\/ nutzen.<\/p>\n<p>Wir k\u00fcmmern uns um Ihre pers\u00f6nlichen Daten und verpflichten uns, deren Vertraulichkeit und Sicherheit zu gew\u00e4hrleisten.<\/p>\n<p><strong>Pers\u00f6nliche Informationen, die wir sammeln<\/strong><\/p>\n<p>Wenn Sie die Website https:\/\/exoes.com\/ besuchen, erfassen wir automatisch bestimmte Informationen \u00fcber Ihr Ger\u00e4t, einschlie\u00dflich Informationen \u00fcber Ihren Webbrowser, Ihre IP-Adresse, Ihre Zeitzone und einige der auf Ihrem Ger\u00e4t installierten Cookies. Wenn Sie auf der Website surfen, erfassen wir au\u00dferdem Informationen \u00fcber die einzelnen Webseiten oder Produkte, die Sie sich ansehen, welche Websites oder Suchbegriffe Sie auf die Website verwiesen haben und wie Sie mit der Website interagieren. Wir bezeichnen diese automatisch erfassten Informationen als &#8222;Ger\u00e4teinformationen&#8220;. Dar\u00fcber hinaus erfassen wir m\u00f6glicherweise die personenbezogenen Daten, die Sie uns bei der Registrierung zur Verf\u00fcgung stellen (einschlie\u00dflich, aber nicht beschr\u00e4nkt auf Name, Nachname, Adresse, Zahlungsinformationen usw.), um den Vertrag erf\u00fcllen zu k\u00f6nnen.<\/p>\n<p><strong>Warum verarbeiten wir Ihre Daten?<\/strong><\/p>\n<p>Die Sicherheit der Kundendaten hat f\u00fcr uns oberste Priorit\u00e4t. Daher verarbeiten wir nur ein Minimum an Nutzerdaten und nur so viel, wie f\u00fcr die Aufrechterhaltung der Website unbedingt erforderlich ist. Automatisch gesammelte Informationen werden nur verwendet, um m\u00f6gliche Missbrauchsf\u00e4lle zu erkennen und statistische Informationen \u00fcber die Nutzung der Website zu erstellen. Diese statistischen Informationen werden ansonsten nicht in einer Weise zusammengefasst, dass sie einen bestimmten Nutzer des Systems identifizieren w\u00fcrden.<\/p>\n<p>Sie k\u00f6nnen die Website besuchen, ohne uns mitzuteilen, wer Sie sind, oder Informationen preiszugeben, anhand derer man Sie als eine bestimmte, identifizierbare Person identifizieren k\u00f6nnte. Wenn Sie jedoch einige Funktionen der Website nutzen, unseren Newsletter erhalten oder andere Angaben in einem Formular machen m\u00f6chten, k\u00f6nnen Sie uns personenbezogene Daten wie Ihre E-Mail-Adresse, Ihren Vornamen, Ihren Nachnamen, Ihren Wohnort, Ihre Organisation und Ihre Telefonnummer \u00fcbermitteln. Sie k\u00f6nnen sich daf\u00fcr entscheiden, uns Ihre pers\u00f6nlichen Daten nicht mitzuteilen, aber dann k\u00f6nnen Sie m\u00f6glicherweise einige Funktionen der Website nicht nutzen. So k\u00f6nnen Sie zum Beispiel unseren Newsletter nicht erhalten oder uns direkt \u00fcber die Website kontaktieren. Nutzer, die sich nicht sicher sind, welche Informationen obligatorisch sind, k\u00f6nnen uns gerne \u00fcber guillaume@lateamweb.com kontaktieren.<\/p>\n<p><strong>Ihre Rechte:<\/strong><\/p>\n<p>Wenn Sie in Europa ans\u00e4ssig sind, haben Sie die folgenden Rechte in Bezug auf Ihre personenbezogenen Daten:<\/p>\n<ul>\n<li>Das Recht, informiert zu werden.<\/li>\n<li>Das Recht auf Zugang.<\/li>\n<li>Das Recht auf Berichtigung.<\/li>\n<li>Das Recht auf L\u00f6schung.<\/li>\n<li>Das Recht auf Einschr\u00e4nkung der Verarbeitung.<\/li>\n<li>Das Recht auf Daten\u00fcbertragbarkeit.<\/li>\n<li>Das Recht auf Widerspruch.<\/li>\n<li>Rechte in Bezug auf automatisierte Entscheidungsfindung und Profiling.<\/li>\n<\/ul>\n<p>Wenn Sie dieses Recht aus\u00fcben m\u00f6chten, kontaktieren Sie uns bitte \u00fcber die unten stehenden Kontaktinformationen.<\/p>\n<p>Wenn Sie in Europa ans\u00e4ssig sind, weisen wir darauf hin, dass wir Ihre Daten zur Erf\u00fcllung von Vertr\u00e4gen verarbeiten, die wir mit Ihnen geschlossen haben (z. B. wenn Sie eine Bestellung \u00fcber die Website aufgeben), oder um unsere oben genannten legitimen Gesch\u00e4ftsinteressen zu verfolgen. Bitte beachten Sie au\u00dferdem, dass Ihre Daten au\u00dferhalb Europas, einschlie\u00dflich Kanada und den Vereinigten Staaten, \u00fcbertragen werden k\u00f6nnen.<\/p>\n<p><strong>Links zu anderen Websites<\/strong><\/p>\n<p>Unsere Website kann Links zu anderen Websites enthalten, die sich nicht in unserem Besitz befinden oder von uns kontrolliert werden. Bitte beachten Sie, dass wir nicht f\u00fcr solche anderen Websites oder die Datenschutzpraktiken Dritter verantwortlich sind. Wir empfehlen Ihnen, beim Verlassen unserer Website die Datenschutzerkl\u00e4rungen aller Websites zu lesen, die personenbezogene Daten erheben k\u00f6nnen.<\/p>\n<p><strong>Sicherheit von Informationen<\/strong><\/p>\n<p>Wir sichern die von Ihnen zur Verf\u00fcgung gestellten Informationen auf Computerservern in einer kontrollierten, sicheren Umgebung, die vor unbefugtem Zugriff, Verwendung oder Offenlegung gesch\u00fctzt ist. Wir treffen angemessene verwaltungstechnische, technische und physische Sicherheitsvorkehrungen zum Schutz vor unbefugtem Zugriff, unbefugter Nutzung, unbefugter \u00c4nderung und unbefugter Offenlegung personenbezogener Daten, die wir kontrollieren und aufbewahren. Die Daten\u00fcbertragung \u00fcber das Internet oder ein drahtloses Netzwerk kann jedoch nicht garantiert werden.<\/p>\n<p><strong>Gesetzliche Offenlegung<\/strong><\/p>\n<p>Wir werden alle Informationen, die wir sammeln, verwenden oder erhalten, offenlegen, wenn dies gesetzlich vorgeschrieben oder erlaubt ist, z. B. um einer Vorladung oder einem \u00e4hnlichen rechtlichen Verfahren nachzukommen, und wenn wir in gutem Glauben davon ausgehen, dass die Offenlegung notwendig ist, um unsere Rechte zu sch\u00fctzen, Ihre Sicherheit oder die Sicherheit anderer zu sch\u00fctzen, Betrug zu untersuchen oder auf eine beh\u00f6rdliche Anfrage zu reagieren.<\/p>\n<p><strong>Kontaktinformationen<\/strong><\/p>\n<p>Wenn Sie sich mit uns in Verbindung setzen m\u00f6chten, um mehr \u00fcber diese Richtlinie zu erfahren, oder wenn Sie sich mit uns in Bezug auf Ihre pers\u00f6nlichen Rechte und Ihre pers\u00f6nlichen Daten in Verbindung setzen m\u00f6chten, k\u00f6nnen Sie eine E-Mail an arnaud.desrentes@exoes.com senden.<\/p>\n\t\t\t\t\t\t\t\t<\/div>\n\t\t\t\t<\/div>\n\t\t\t\t<div class=\"elementor-element elementor-element-5f6548c elementor-widget elementor-widget-spacer\" data-id=\"5f6548c\" data-element_type=\"widget\" data-widget_type=\"spacer.default\">\n\t\t\t\t<div class=\"elementor-widget-container\">\n\t\t\t\t\t\t\t<div class=\"elementor-spacer\">\n\t\t\t<div class=\"elementor-spacer-inner\"><\/div>\n\t\t<\/div>\n\t\t\t\t\t\t<\/div>\n\t\t\t\t<\/div>\n\t\t\t\t<div class=\"elementor-element elementor-element-d4c5187 elementor-widget elementor-widget-spacer\" data-id=\"d4c5187\" data-element_type=\"widget\" data-widget_type=\"spacer.default\">\n\t\t\t\t<div class=\"elementor-widget-container\">\n\t\t\t\t\t\t\t<div class=\"elementor-spacer\">\n\t\t\t<div class=\"elementor-spacer-inner\"><\/div>\n\t\t<\/div>\n\t\t\t\t\t\t<\/div>\n\t\t\t\t<\/div>\n\t\t\t\t<div class=\"elementor-element elementor-element-508f808 elementor-widget elementor-widget-spacer\" data-id=\"508f808\" data-element_type=\"widget\" data-widget_type=\"spacer.default\">\n\t\t\t\t<div class=\"elementor-widget-container\">\n\t\t\t\t\t\t\t<div class=\"elementor-spacer\">\n\t\t\t<div class=\"elementor-spacer-inner\"><\/div>\n\t\t<\/div>\n\t\t\t\t\t\t<\/div>\n\t\t\t\t<\/div>\n\t\t\t\t<div class=\"elementor-element elementor-element-2caee52 elementor-widget elementor-widget-spacer\" data-id=\"2caee52\" data-element_type=\"widget\" data-widget_type=\"spacer.default\">\n\t\t\t\t<div class=\"elementor-widget-container\">\n\t\t\t\t\t\t\t<div class=\"elementor-spacer\">\n\t\t\t<div class=\"elementor-spacer-inner\"><\/div>\n\t\t<\/div>\n\t\t\t\t\t\t<\/div>\n\t\t\t\t<\/div>\n\t\t\t\t<div class=\"elementor-element elementor-element-b29a625 elementor-widget elementor-widget-spacer\" data-id=\"b29a625\" data-element_type=\"widget\" data-widget_type=\"spacer.default\">\n\t\t\t\t<div class=\"elementor-widget-container\">\n\t\t\t\t\t\t\t<div class=\"elementor-spacer\">\n\t\t\t<div class=\"elementor-spacer-inner\"><\/div>\n\t\t<\/div>\n\t\t\t\t\t\t<\/div>\n\t\t\t\t<\/div>\n\t\t\t\t<div class=\"elementor-element elementor-element-bd609c5 elementor-widget elementor-widget-spacer\" data-id=\"bd609c5\" data-element_type=\"widget\" data-widget_type=\"spacer.default\">\n\t\t\t\t<div class=\"elementor-widget-container\">\n\t\t\t\t\t\t\t<div class=\"elementor-spacer\">\n\t\t\t<div class=\"elementor-spacer-inner\"><\/div>\n\t\t<\/div>\n\t\t\t\t\t\t<\/div>\n\t\t\t\t<\/div>\n\t\t\t\t\t<\/div>\n\t\t<\/div>\n\t\t\t\t\t<\/div>\n\t\t<\/section>\n\t\t\t\t<\/div>\n\t\t","protected":false},"excerpt":{"rendered":"<p>Datenschutzrichtlinie Effective 15\/04\/2021 Die Website https:\/\/exoes.com\/ ist Eigentum der Firma Exo\u00e8s, die f\u00fcr die Verarbeitung Ihrer personenbezogenen Daten verantwortlich ist. Wir haben diese Datenschutzrichtlinie angenommen, die festlegt, wie wir die von https:\/\/exoes.com\/ gesammelten Informationen verarbeiten, und die auch die Gr\u00fcnde angibt, warum wir bestimmte pers\u00f6nliche Daten \u00fcber Sie sammeln m\u00fcssen. Daher m\u00fcssen Sie diese Datenschutzrichtlinie [&hellip;]<\/p>\n","protected":false},"author":1,"featured_media":0,"parent":0,"menu_order":14,"comment_status":"closed","ping_status":"closed","template":"elementor_header_footer","meta":{"_acf_changed":false,"footnotes":""},"class_list":["post-8068","page","type-page","status-publish","hentry"],"acf":[],"yoast_head":"<!-- This site is optimized with the Yoast SEO plugin v26.3 - https:\/\/yoast.com\/wordpress\/plugins\/seo\/ -->\n<title>Datenschutzrichtlinie - Exoes - The Thermal Management Expert in Electromobility<\/title>\n<meta name=\"robots\" content=\"index, follow, max-snippet:-1, max-image-preview:large, max-video-preview:-1\" \/>\n<link rel=\"canonical\" href=\"https:\/\/exoes.com\/de\/datenschutzrichtlinie\/\" \/>\n<meta property=\"og:locale\" content=\"de_DE\" \/>\n<meta property=\"og:type\" content=\"article\" \/>\n<meta property=\"og:title\" content=\"Datenschutzrichtlinie - Exoes - The Thermal Management Expert in Electromobility\" \/>\n<meta property=\"og:description\" content=\"Datenschutzrichtlinie Effective 15\/04\/2021 Die Website https:\/\/exoes.com\/ ist Eigentum der Firma Exo\u00e8s, die f\u00fcr die Verarbeitung Ihrer personenbezogenen Daten verantwortlich ist. Wir haben diese Datenschutzrichtlinie angenommen, die festlegt, wie wir die von https:\/\/exoes.com\/ gesammelten Informationen verarbeiten, und die auch die Gr\u00fcnde angibt, warum wir bestimmte pers\u00f6nliche Daten \u00fcber Sie sammeln m\u00fcssen. Daher m\u00fcssen Sie diese Datenschutzrichtlinie [&hellip;]\" \/>\n<meta property=\"og:url\" content=\"https:\/\/exoes.com\/de\/datenschutzrichtlinie\/\" \/>\n<meta property=\"og:site_name\" content=\"Exoes - The Thermal Management Expert in Electromobility\" \/>\n<meta property=\"article:modified_time\" content=\"2022-03-04T13:31:40+00:00\" \/>\n<meta name=\"twitter:card\" content=\"summary_large_image\" \/>\n<meta name=\"twitter:label1\" content=\"Gesch\u00e4tzte Lesezeit\" \/>\n\t<meta name=\"twitter:data1\" content=\"4\u00a0Minuten\" \/>\n<script type=\"application\/ld+json\" class=\"yoast-schema-graph\">{\"@context\":\"https:\/\/schema.org\",\"@graph\":[{\"@type\":\"WebPage\",\"@id\":\"https:\/\/exoes.com\/de\/datenschutzrichtlinie\/\",\"url\":\"https:\/\/exoes.com\/de\/datenschutzrichtlinie\/\",\"name\":\"Datenschutzrichtlinie - Exoes - The Thermal Management Expert in Electromobility\",\"isPartOf\":{\"@id\":\"https:\/\/exoes.com\/de\/#website\"},\"datePublished\":\"2022-03-04T13:10:21+00:00\",\"dateModified\":\"2022-03-04T13:31:40+00:00\",\"breadcrumb\":{\"@id\":\"https:\/\/exoes.com\/de\/datenschutzrichtlinie\/#breadcrumb\"},\"inLanguage\":\"de\",\"potentialAction\":[{\"@type\":\"ReadAction\",\"target\":[\"https:\/\/exoes.com\/de\/datenschutzrichtlinie\/\"]}]},{\"@type\":\"BreadcrumbList\",\"@id\":\"https:\/\/exoes.com\/de\/datenschutzrichtlinie\/#breadcrumb\",\"itemListElement\":[{\"@type\":\"ListItem\",\"position\":1,\"name\":\"Accueil\",\"item\":\"https:\/\/exoes.com\/de\/\"},{\"@type\":\"ListItem\",\"position\":2,\"name\":\"Datenschutzrichtlinie\"}]},{\"@type\":\"WebSite\",\"@id\":\"https:\/\/exoes.com\/de\/#website\",\"url\":\"https:\/\/exoes.com\/de\/\",\"name\":\"Exoes - The Thermal Management Expert in Electromobility\",\"description\":\"Exoes - The Thermal Management Expert in Electromobility\",\"publisher\":{\"@id\":\"https:\/\/exoes.com\/de\/#organization\"},\"potentialAction\":[{\"@type\":\"SearchAction\",\"target\":{\"@type\":\"EntryPoint\",\"urlTemplate\":\"https:\/\/exoes.com\/de\/?s={search_term_string}\"},\"query-input\":{\"@type\":\"PropertyValueSpecification\",\"valueRequired\":true,\"valueName\":\"search_term_string\"}}],\"inLanguage\":\"de\"},{\"@type\":\"Organization\",\"@id\":\"https:\/\/exoes.com\/de\/#organization\",\"name\":\"Exoes - The Thermal Management Expert in Electromobility\",\"url\":\"https:\/\/exoes.com\/de\/\",\"logo\":{\"@type\":\"ImageObject\",\"inLanguage\":\"de\",\"@id\":\"https:\/\/exoes.com\/de\/#\/schema\/logo\/image\/\",\"url\":\"https:\/\/exoes.com\/wp-content\/uploads\/2026\/01\/cropped-LOGO_EXOES_BLANC-scaled-1.png\",\"contentUrl\":\"https:\/\/exoes.com\/wp-content\/uploads\/2026\/01\/cropped-LOGO_EXOES_BLANC-scaled-1.png\",\"width\":2558,\"height\":731,\"caption\":\"Exoes - The Thermal Management Expert in Electromobility\"},\"image\":{\"@id\":\"https:\/\/exoes.com\/de\/#\/schema\/logo\/image\/\"}}]}<\/script>\n<!-- \/ Yoast SEO plugin. -->","yoast_head_json":{"title":"Datenschutzrichtlinie - Exoes - The Thermal Management Expert in Electromobility","robots":{"index":"index","follow":"follow","max-snippet":"max-snippet:-1","max-image-preview":"max-image-preview:large","max-video-preview":"max-video-preview:-1"},"canonical":"https:\/\/exoes.com\/de\/datenschutzrichtlinie\/","og_locale":"de_DE","og_type":"article","og_title":"Datenschutzrichtlinie - Exoes - The Thermal Management Expert in Electromobility","og_description":"Datenschutzrichtlinie Effective 15\/04\/2021 Die Website https:\/\/exoes.com\/ ist Eigentum der Firma Exo\u00e8s, die f\u00fcr die Verarbeitung Ihrer personenbezogenen Daten verantwortlich ist. Wir haben diese Datenschutzrichtlinie angenommen, die festlegt, wie wir die von https:\/\/exoes.com\/ gesammelten Informationen verarbeiten, und die auch die Gr\u00fcnde angibt, warum wir bestimmte pers\u00f6nliche Daten \u00fcber Sie sammeln m\u00fcssen. Daher m\u00fcssen Sie diese Datenschutzrichtlinie [&hellip;]","og_url":"https:\/\/exoes.com\/de\/datenschutzrichtlinie\/","og_site_name":"Exoes - The Thermal Management Expert in Electromobility","article_modified_time":"2022-03-04T13:31:40+00:00","twitter_card":"summary_large_image","twitter_misc":{"Gesch\u00e4tzte Lesezeit":"4\u00a0Minuten"},"schema":{"@context":"https:\/\/schema.org","@graph":[{"@type":"WebPage","@id":"https:\/\/exoes.com\/de\/datenschutzrichtlinie\/","url":"https:\/\/exoes.com\/de\/datenschutzrichtlinie\/","name":"Datenschutzrichtlinie - Exoes - The Thermal Management Expert in Electromobility","isPartOf":{"@id":"https:\/\/exoes.com\/de\/#website"},"datePublished":"2022-03-04T13:10:21+00:00","dateModified":"2022-03-04T13:31:40+00:00","breadcrumb":{"@id":"https:\/\/exoes.com\/de\/datenschutzrichtlinie\/#breadcrumb"},"inLanguage":"de","potentialAction":[{"@type":"ReadAction","target":["https:\/\/exoes.com\/de\/datenschutzrichtlinie\/"]}]},{"@type":"BreadcrumbList","@id":"https:\/\/exoes.com\/de\/datenschutzrichtlinie\/#breadcrumb","itemListElement":[{"@type":"ListItem","position":1,"name":"Accueil","item":"https:\/\/exoes.com\/de\/"},{"@type":"ListItem","position":2,"name":"Datenschutzrichtlinie"}]},{"@type":"WebSite","@id":"https:\/\/exoes.com\/de\/#website","url":"https:\/\/exoes.com\/de\/","name":"Exoes - The Thermal Management Expert in Electromobility","description":"Exoes - The Thermal Management Expert in Electromobility","publisher":{"@id":"https:\/\/exoes.com\/de\/#organization"},"potentialAction":[{"@type":"SearchAction","target":{"@type":"EntryPoint","urlTemplate":"https:\/\/exoes.com\/de\/?s={search_term_string}"},"query-input":{"@type":"PropertyValueSpecification","valueRequired":true,"valueName":"search_term_string"}}],"inLanguage":"de"},{"@type":"Organization","@id":"https:\/\/exoes.com\/de\/#organization","name":"Exoes - The Thermal Management Expert in Electromobility","url":"https:\/\/exoes.com\/de\/","logo":{"@type":"ImageObject","inLanguage":"de","@id":"https:\/\/exoes.com\/de\/#\/schema\/logo\/image\/","url":"https:\/\/exoes.com\/wp-content\/uploads\/2026\/01\/cropped-LOGO_EXOES_BLANC-scaled-1.png","contentUrl":"https:\/\/exoes.com\/wp-content\/uploads\/2026\/01\/cropped-LOGO_EXOES_BLANC-scaled-1.png","width":2558,"height":731,"caption":"Exoes - The Thermal Management Expert in Electromobility"},"image":{"@id":"https:\/\/exoes.com\/de\/#\/schema\/logo\/image\/"}}]}},"_links":{"self":[{"href":"https:\/\/exoes.com\/de\/wp-json\/wp\/v2\/pages\/8068","targetHints":{"allow":["GET"]}}],"collection":[{"href":"https:\/\/exoes.com\/de\/wp-json\/wp\/v2\/pages"}],"about":[{"href":"https:\/\/exoes.com\/de\/wp-json\/wp\/v2\/types\/page"}],"author":[{"embeddable":true,"href":"https:\/\/exoes.com\/de\/wp-json\/wp\/v2\/users\/1"}],"replies":[{"embeddable":true,"href":"https:\/\/exoes.com\/de\/wp-json\/wp\/v2\/comments?post=8068"}],"version-history":[{"count":0,"href":"https:\/\/exoes.com\/de\/wp-json\/wp\/v2\/pages\/8068\/revisions"}],"wp:attachment":[{"href":"https:\/\/exoes.com\/de\/wp-json\/wp\/v2\/media?parent=8068"}],"curies":[{"name":"wp","href":"https:\/\/api.w.org\/{rel}","templated":true}]}}